{"id":82555,"date":"2023-10-03T11:00:55","date_gmt":"2023-10-03T15:00:55","guid":{"rendered":"https:\/\/talents123.ca\/?page_id=82555"},"modified":"2023-10-03T11:49:07","modified_gmt":"2023-10-03T15:49:07","slug":"blogue","status":"publish","type":"page","link":"https:\/\/talents123.ca\/fr\/blogue\/","title":{"rendered":"Blog"},"content":{"rendered":"<div class=\"wpb-content-wrapper\"><p>[vc_row row_height_percent=\u00a0\u00bb0&Prime; override_padding=\u00a0\u00bbyes\u00a0\u00bb h_padding=\u00a0\u00bb2&Prime; top_padding=\u00a0\u00bb2&Prime; bottom_padding=\u00a0\u00bb2&Prime; overlay_alpha=\u00a0\u00bb50&Prime; gutter_size=\u00a0\u00bb3&Prime; column_width_percent=\u00a0\u00bb100&Prime; shift_y=\u00a0\u00bb0&Prime; z_index=\u00a0\u00bb0&Prime;][vc_column width=\u00a0\u00bb1\/1&Prime;][vc_empty_space empty_h=\u00a0\u00bb2&Prime;][vc_custom_heading text_color=\u00a0\u00bbcolor-159720&Prime; heading_semantic=\u00a0\u00bbp\u00a0\u00bb text_size=\u00a0\u00bb\u00a0\u00bb text_weight=\u00a0\u00bb500&Prime; text_height=\u00a0\u00bbfontheight-357766&Prime; css_animation=\u00a0\u00bbbottom-t-top\u00a0\u00bb animation_delay=\u00a0\u00bb600&Prime; uncode_shortcode_id=\u00a0\u00bb646048&Prime; text_color_type=\u00a0\u00bbuncode-palette\u00a0\u00bb el_class=\u00a0\u00bbblog-sub-heading\u00a0\u00bb]La vie de parent est devenue beaucoup plus facile gr\u00e2ce \u00e0 notre immersion dans le monde de l&rsquo;\u00e9ducation et de la p\u00e9dagogie parentale. Pr\u00e9parez-vous \u00e0 embarquer dans cet incroyable voyage. Naviguons ensemble dans la vie parentale, un blog \u00e0 la fois ![\/vc_custom_heading][vc_empty_space empty_h=\u00a0\u00bb2&Prime; mobile_visibility=\u00a0\u00bbyes\u00a0\u00bb][uncode_index el_id=\u00a0\u00bbindex-668441&Prime; loop=\u00a0\u00bborder_by:date|post_type:post|taxonomy_count:10&Prime; auto_query=\u00a0\u00bbyes\u00a0\u00bb screen_lg=\u00a0\u00bb1000&Prime; screen_md=\u00a0\u00bb600&Prime; screen_sm=\u00a0\u00bb480&Prime; gutter_size=\u00a0\u00bb3&Prime; post_items=\u00a0\u00bbmedia|featured|onpost|original,title,date,text|full|100,link|default|default_size,spacer|half\u00a0\u00bb single_overlay_opacity=\u00a0\u00bb50&Prime; single_padding=\u00a0\u00bb2&Prime; uncode_shortcode_id=\u00a0\u00bb908186&Prime; items=\u00a0\u00bbeyI4MjQ1N19pIjp7InNpbmdsZV90ZXh0IjoidW5kZXIifX0=\u00a0\u00bb el_class=\u00a0\u00bbcstm-blog-page\u00a0\u00bb][vc_empty_space empty_h=\u00a0\u00bb3&Prime;][\/vc_column][\/vc_row][vc_row][vc_column width=\u00a0\u00bb1\/1&Prime;][uncode_block id=\u00a0\u00bb82106&Prime;][\/vc_column][\/vc_row]<\/p>\n<\/div>","protected":false},"excerpt":{"rendered":"<p>[vc_row row_height_percent=\u00a0\u00bb0&Prime; override_padding=\u00a0\u00bbyes\u00a0\u00bb h_padding=\u00a0\u00bb2&Prime; top_padding=\u00a0\u00bb2&Prime; bottom_padding=\u00a0\u00bb2&Prime; overlay_alpha=\u00a0\u00bb50&Prime; gutter_size=\u00a0\u00bb3&Prime; column_width_percent=\u00a0\u00bb100&Prime; shift_y=\u00a0\u00bb0&Prime; z_index=\u00a0\u00bb0&Prime;][vc_column width=\u00a0\u00bb1\/1&Prime;][vc_empty_space empty_h=\u00a0\u00bb2&Prime;][vc_custom_heading text_color=\u00a0\u00bbcolor-159720&Prime; heading_semantic=\u00a0\u00bbp\u00a0\u00bb text_size=\u00a0\u00bb\u00a0\u00bb text_weight=\u00a0\u00bb500&Prime; text_height=\u00a0\u00bbfontheight-357766&Prime; css_animation=\u00a0\u00bbbottom-t-top\u00a0\u00bb animation_delay=\u00a0\u00bb600&Prime; [&hellip;]<\/p>\n","protected":false},"author":7,"featured_media":0,"parent":0,"menu_order":0,"comment_status":"closed","ping_status":"closed","template":"","meta":{"footnotes":""},"class_list":["post-82555","page","type-page","status-publish","hentry"],"yoast_head":"<!-- This site is optimized with the Yoast SEO plugin v27.3 - https:\/\/yoast.com\/product\/yoast-seo-wordpress\/ -->\n<title>Blog - Talents123<\/title>\n<meta name=\"robots\" content=\"index, follow, max-snippet:-1, max-image-preview:large, max-video-preview:-1\" \/>\n<link rel=\"canonical\" href=\"https:\/\/talents123.ca\/fr\/blogue\/\" \/>\n<meta property=\"og:locale\" content=\"fr_FR\" \/>\n<meta property=\"og:type\" content=\"article\" \/>\n<meta property=\"og:title\" content=\"Blog - Talents123\" \/>\n<meta property=\"og:description\" content=\"[vc_row row_height_percent=\u00a0\u00bb0&Prime; override_padding=\u00a0\u00bbyes\u00a0\u00bb h_padding=\u00a0\u00bb2&Prime; top_padding=\u00a0\u00bb2&Prime; bottom_padding=\u00a0\u00bb2&Prime; overlay_alpha=\u00a0\u00bb50&Prime; gutter_size=\u00a0\u00bb3&Prime; column_width_percent=\u00a0\u00bb100&Prime; shift_y=\u00a0\u00bb0&Prime; z_index=\u00a0\u00bb0&Prime;][vc_column width=\u00a0\u00bb1\/1&Prime;][vc_empty_space empty_h=\u00a0\u00bb2&Prime;][vc_custom_heading text_color=\u00a0\u00bbcolor-159720&Prime; heading_semantic=\u00a0\u00bbp\u00a0\u00bb text_size=\u00a0\u00bb\u00a0\u00bb text_weight=\u00a0\u00bb500&Prime; text_height=\u00a0\u00bbfontheight-357766&Prime; css_animation=\u00a0\u00bbbottom-t-top\u00a0\u00bb animation_delay=\u00a0\u00bb600&Prime; [&hellip;]\" \/>\n<meta property=\"og:url\" content=\"https:\/\/talents123.ca\/fr\/blogue\/\" \/>\n<meta property=\"og:site_name\" content=\"Talents123\" \/>\n<meta property=\"article:publisher\" content=\"https:\/\/www.facebook.com\/talents123\" \/>\n<meta property=\"article:modified_time\" content=\"2023-10-03T15:49:07+00:00\" \/>\n<meta name=\"twitter:card\" content=\"summary_large_image\" \/>\n<meta name=\"twitter:label1\" content=\"Dur\u00e9e de lecture estim\u00e9e\" \/>\n\t<meta name=\"twitter:data1\" content=\"1 minute\" \/>\n<script type=\"application\/ld+json\" class=\"yoast-schema-graph\">{\"@context\":\"https:\\\/\\\/schema.org\",\"@graph\":[{\"@type\":\"WebPage\",\"@id\":\"https:\\\/\\\/talents123.ca\\\/fr\\\/blogue\\\/\",\"url\":\"https:\\\/\\\/talents123.ca\\\/fr\\\/blogue\\\/\",\"name\":\"Blog - Talents123\",\"isPartOf\":{\"@id\":\"https:\\\/\\\/talents123.ca\\\/fr\\\/#website\"},\"datePublished\":\"2023-10-03T15:00:55+00:00\",\"dateModified\":\"2023-10-03T15:49:07+00:00\",\"breadcrumb\":{\"@id\":\"https:\\\/\\\/talents123.ca\\\/fr\\\/blogue\\\/#breadcrumb\"},\"inLanguage\":\"fr-FR\",\"potentialAction\":[{\"@type\":\"ReadAction\",\"target\":[\"https:\\\/\\\/talents123.ca\\\/fr\\\/blogue\\\/\"]}]},{\"@type\":\"BreadcrumbList\",\"@id\":\"https:\\\/\\\/talents123.ca\\\/fr\\\/blogue\\\/#breadcrumb\",\"itemListElement\":[{\"@type\":\"ListItem\",\"position\":1,\"name\":\"Home\",\"item\":\"https:\\\/\\\/talents123.ca\\\/fr\\\/\"},{\"@type\":\"ListItem\",\"position\":2,\"name\":\"Blog\"}]},{\"@type\":\"WebSite\",\"@id\":\"https:\\\/\\\/talents123.ca\\\/fr\\\/#website\",\"url\":\"https:\\\/\\\/talents123.ca\\\/fr\\\/\",\"name\":\"Talents123\",\"description\":\"Educational center\",\"publisher\":{\"@id\":\"https:\\\/\\\/talents123.ca\\\/fr\\\/#organization\"},\"potentialAction\":[{\"@type\":\"SearchAction\",\"target\":{\"@type\":\"EntryPoint\",\"urlTemplate\":\"https:\\\/\\\/talents123.ca\\\/fr\\\/?s={search_term_string}\"},\"query-input\":{\"@type\":\"PropertyValueSpecification\",\"valueRequired\":true,\"valueName\":\"search_term_string\"}}],\"inLanguage\":\"fr-FR\"},{\"@type\":\"Organization\",\"@id\":\"https:\\\/\\\/talents123.ca\\\/fr\\\/#organization\",\"name\":\"Talents123\",\"url\":\"https:\\\/\\\/talents123.ca\\\/fr\\\/\",\"logo\":{\"@type\":\"ImageObject\",\"inLanguage\":\"fr-FR\",\"@id\":\"https:\\\/\\\/talents123.ca\\\/fr\\\/#\\\/schema\\\/logo\\\/image\\\/\",\"url\":\"https:\\\/\\\/talents123.ca\\\/wp-content\\\/uploads\\\/2019\\\/06\\\/TAL123_Logo_RGB_Full_Verti_Colour_EN.png\",\"contentUrl\":\"https:\\\/\\\/talents123.ca\\\/wp-content\\\/uploads\\\/2019\\\/06\\\/TAL123_Logo_RGB_Full_Verti_Colour_EN.png\",\"width\":1642,\"height\":1730,\"caption\":\"Talents123\"},\"image\":{\"@id\":\"https:\\\/\\\/talents123.ca\\\/fr\\\/#\\\/schema\\\/logo\\\/image\\\/\"},\"sameAs\":[\"https:\\\/\\\/www.facebook.com\\\/talents123\",\"https:\\\/\\\/www.instagram.com\\\/talents123.ca\\\/\"]}]}<\/script>\n<!-- \/ Yoast SEO plugin. -->","yoast_head_json":{"title":"Blog - Talents123","robots":{"index":"index","follow":"follow","max-snippet":"max-snippet:-1","max-image-preview":"max-image-preview:large","max-video-preview":"max-video-preview:-1"},"canonical":"https:\/\/talents123.ca\/fr\/blogue\/","og_locale":"fr_FR","og_type":"article","og_title":"Blog - Talents123","og_description":"[vc_row row_height_percent=\u00a0\u00bb0&Prime; override_padding=\u00a0\u00bbyes\u00a0\u00bb h_padding=\u00a0\u00bb2&Prime; top_padding=\u00a0\u00bb2&Prime; bottom_padding=\u00a0\u00bb2&Prime; overlay_alpha=\u00a0\u00bb50&Prime; gutter_size=\u00a0\u00bb3&Prime; column_width_percent=\u00a0\u00bb100&Prime; shift_y=\u00a0\u00bb0&Prime; z_index=\u00a0\u00bb0&Prime;][vc_column width=\u00a0\u00bb1\/1&Prime;][vc_empty_space empty_h=\u00a0\u00bb2&Prime;][vc_custom_heading text_color=\u00a0\u00bbcolor-159720&Prime; heading_semantic=\u00a0\u00bbp\u00a0\u00bb text_size=\u00a0\u00bb\u00a0\u00bb text_weight=\u00a0\u00bb500&Prime; text_height=\u00a0\u00bbfontheight-357766&Prime; css_animation=\u00a0\u00bbbottom-t-top\u00a0\u00bb animation_delay=\u00a0\u00bb600&Prime; [&hellip;]","og_url":"https:\/\/talents123.ca\/fr\/blogue\/","og_site_name":"Talents123","article_publisher":"https:\/\/www.facebook.com\/talents123","article_modified_time":"2023-10-03T15:49:07+00:00","twitter_card":"summary_large_image","twitter_misc":{"Dur\u00e9e de lecture estim\u00e9e":"1 minute"},"schema":{"@context":"https:\/\/schema.org","@graph":[{"@type":"WebPage","@id":"https:\/\/talents123.ca\/fr\/blogue\/","url":"https:\/\/talents123.ca\/fr\/blogue\/","name":"Blog - Talents123","isPartOf":{"@id":"https:\/\/talents123.ca\/fr\/#website"},"datePublished":"2023-10-03T15:00:55+00:00","dateModified":"2023-10-03T15:49:07+00:00","breadcrumb":{"@id":"https:\/\/talents123.ca\/fr\/blogue\/#breadcrumb"},"inLanguage":"fr-FR","potentialAction":[{"@type":"ReadAction","target":["https:\/\/talents123.ca\/fr\/blogue\/"]}]},{"@type":"BreadcrumbList","@id":"https:\/\/talents123.ca\/fr\/blogue\/#breadcrumb","itemListElement":[{"@type":"ListItem","position":1,"name":"Home","item":"https:\/\/talents123.ca\/fr\/"},{"@type":"ListItem","position":2,"name":"Blog"}]},{"@type":"WebSite","@id":"https:\/\/talents123.ca\/fr\/#website","url":"https:\/\/talents123.ca\/fr\/","name":"Talents123","description":"Educational center","publisher":{"@id":"https:\/\/talents123.ca\/fr\/#organization"},"potentialAction":[{"@type":"SearchAction","target":{"@type":"EntryPoint","urlTemplate":"https:\/\/talents123.ca\/fr\/?s={search_term_string}"},"query-input":{"@type":"PropertyValueSpecification","valueRequired":true,"valueName":"search_term_string"}}],"inLanguage":"fr-FR"},{"@type":"Organization","@id":"https:\/\/talents123.ca\/fr\/#organization","name":"Talents123","url":"https:\/\/talents123.ca\/fr\/","logo":{"@type":"ImageObject","inLanguage":"fr-FR","@id":"https:\/\/talents123.ca\/fr\/#\/schema\/logo\/image\/","url":"https:\/\/talents123.ca\/wp-content\/uploads\/2019\/06\/TAL123_Logo_RGB_Full_Verti_Colour_EN.png","contentUrl":"https:\/\/talents123.ca\/wp-content\/uploads\/2019\/06\/TAL123_Logo_RGB_Full_Verti_Colour_EN.png","width":1642,"height":1730,"caption":"Talents123"},"image":{"@id":"https:\/\/talents123.ca\/fr\/#\/schema\/logo\/image\/"},"sameAs":["https:\/\/www.facebook.com\/talents123","https:\/\/www.instagram.com\/talents123.ca\/"]}]}},"_links":{"self":[{"href":"https:\/\/talents123.ca\/fr\/wp-json\/wp\/v2\/pages\/82555","targetHints":{"allow":["GET"]}}],"collection":[{"href":"https:\/\/talents123.ca\/fr\/wp-json\/wp\/v2\/pages"}],"about":[{"href":"https:\/\/talents123.ca\/fr\/wp-json\/wp\/v2\/types\/page"}],"author":[{"embeddable":true,"href":"https:\/\/talents123.ca\/fr\/wp-json\/wp\/v2\/users\/7"}],"replies":[{"embeddable":true,"href":"https:\/\/talents123.ca\/fr\/wp-json\/wp\/v2\/comments?post=82555"}],"version-history":[{"count":5,"href":"https:\/\/talents123.ca\/fr\/wp-json\/wp\/v2\/pages\/82555\/revisions"}],"predecessor-version":[{"id":82566,"href":"https:\/\/talents123.ca\/fr\/wp-json\/wp\/v2\/pages\/82555\/revisions\/82566"}],"wp:attachment":[{"href":"https:\/\/talents123.ca\/fr\/wp-json\/wp\/v2\/media?parent=82555"}],"curies":[{"name":"wp","href":"https:\/\/api.w.org\/{rel}","templated":true}]}}