{"id":81721,"date":"2019-07-17T19:10:51","date_gmt":"2019-07-17T19:10:51","guid":{"rendered":"https:\/\/talents123.ca\/admission\/"},"modified":"2023-08-05T14:08:56","modified_gmt":"2023-08-05T18:08:56","slug":"admission","status":"publish","type":"page","link":"https:\/\/talents123.ca\/fr\/admission\/","title":{"rendered":"Admission"},"content":{"rendered":"<div class=\"wpb-content-wrapper\"><p>[vc_row row_height_percent=\u00a0\u00bb0&Prime; override_padding=\u00a0\u00bbyes\u00a0\u00bb h_padding=\u00a0\u00bb2&Prime; top_padding=\u00a0\u00bb3&Prime; bottom_padding=\u00a0\u00bb5&Prime; back_color=\u00a0\u00bbcolor-xsdn\u00a0\u00bb overlay_alpha=\u00a0\u00bb50&Prime; gutter_size=\u00a0\u00bb3&Prime; column_width_percent=\u00a0\u00bb100&Prime; shift_y=\u00a0\u00bb0&Prime; z_index=\u00a0\u00bb0&Prime;][vc_column width=\u00a0\u00bb1\/1&Prime;][vc_row_inner][vc_column_inner width=\u00a0\u00bb1\/2&Prime;][vc_separator sep_color=\u00a0\u00bbcolor-904447&Prime; el_width=\u00a0\u00bb50px\u00a0\u00bb el_height=\u00a0\u00bb2px\u00a0\u00bb][vc_custom_heading text_color=\u00a0\u00bbcolor-904447&Prime; sub_reduced=\u00a0\u00bbyes\u00a0\u00bb uncode_shortcode_id=\u00a0\u00bb169312&Prime; text_color_type=\u00a0\u00bbuncode-palette\u00a0\u00bb]<span style=\"font-weight: 400;\">Merci pour l&rsquo;int\u00e9r\u00eat que vous portez \u00e0 Talents123!<\/span>[\/vc_custom_heading][\/vc_column_inner][vc_column_inner width=\u00a0\u00bb1\/2&Prime;][vc_separator sep_color=\u00a0\u00bb,Default\u00a0\u00bb medium_visibility=\u00a0\u00bbyes\u00a0\u00bb mobile_visibility=\u00a0\u00bbyes\u00a0\u00bb el_width=\u00a0\u00bb0&Prime; el_height=\u00a0\u00bb0&Prime;][vc_column_text text_lead=\u00a0\u00bbyes\u00a0\u00bb]Depuis le 1<sup>er <\/sup>septembre 2018, toutes les garderies reconnues du Qu\u00e9bec doivent utiliser le site <strong><a href=\"https:\/\/www.laplace0-5.com\" target=\"_blank\" rel=\"noopener noreferrer\"><span style=\"color: #f79848;\">La Place 0-5 <\/span><\/a><\/strong> pour leur liste d&rsquo;attente.[\/vc_column_text][\/vc_column_inner][\/vc_row_inner][vc_empty_space empty_h=\u00a0\u00bb3&Prime; medium_visibility=\u00a0\u00bbyes\u00a0\u00bb mobile_visibility=\u00a0\u00bbyes\u00a0\u00bb][\/vc_column][\/vc_row][vc_row unlock_row_content=\u00a0\u00bbyes\u00a0\u00bb row_height_percent=\u00a0\u00bb0&Prime; override_padding=\u00a0\u00bbyes\u00a0\u00bb h_padding=\u00a0\u00bb0&Prime; top_padding=\u00a0\u00bb0&Prime; bottom_padding=\u00a0\u00bb0&Prime; back_color=\u00a0\u00bbcolor-105183&Prime; overlay_alpha=\u00a0\u00bb50&Prime; equal_height=\u00a0\u00bbyes\u00a0\u00bb gutter_size=\u00a0\u00bb4&Prime; column_width_percent=\u00a0\u00bb100&Prime; border_color=\u00a0\u00bbcolor-gyho\u00a0\u00bb border_style=\u00a0\u00bbsolid\u00a0\u00bb shift_y=\u00a0\u00bb0&Prime; z_index=\u00a0\u00bb0&Prime; desktop_visibility=\u00a0\u00bbyes\u00a0\u00bb][vc_column column_width_percent=\u00a0\u00bb100&Prime; position_vertical=\u00a0\u00bbmiddle\u00a0\u00bb gutter_size=\u00a0\u00bb3&Prime; overlay_alpha=\u00a0\u00bb50&Prime; shift_x=\u00a0\u00bb0&Prime; shift_y=\u00a0\u00bb0&Prime; shift_y_down=\u00a0\u00bb0&Prime; z_index=\u00a0\u00bb0&Prime; medium_width=\u00a0\u00bb0&Prime; mobile_width=\u00a0\u00bb0&Prime; width=\u00a0\u00bb1\/1&Prime;][vc_single_image media=\u00a0\u00bb81562&Prime; media_width_percent=\u00a0\u00bb100&Prime; shape=\u00a0\u00bbimg-round\u00a0\u00bb radius=\u00a0\u00bbxs\u00a0\u00bb][\/vc_column][\/vc_row][vc_row unlock_row_content=\u00a0\u00bbyes\u00a0\u00bb row_height_percent=\u00a0\u00bb0&Prime; override_padding=\u00a0\u00bbyes\u00a0\u00bb h_padding=\u00a0\u00bb3&Prime; top_padding=\u00a0\u00bb0&Prime; bottom_padding=\u00a0\u00bb3&Prime; back_color=\u00a0\u00bbcolor-105183&Prime; overlay_alpha=\u00a0\u00bb50&Prime; equal_height=\u00a0\u00bbyes\u00a0\u00bb gutter_size=\u00a0\u00bb4&Prime; column_width_percent=\u00a0\u00bb100&Prime; border_color=\u00a0\u00bbcolor-gyho\u00a0\u00bb border_style=\u00a0\u00bbsolid\u00a0\u00bb shift_y=\u00a0\u00bb0&Prime; z_index=\u00a0\u00bb0&Prime;][vc_column column_width_percent=\u00a0\u00bb100&Prime; align_horizontal=\u00a0\u00bbalign_center\u00a0\u00bb gutter_size=\u00a0\u00bb3&Prime; overlay_alpha=\u00a0\u00bb50&Prime; shift_x=\u00a0\u00bb0&Prime; shift_y=\u00a0\u00bb0&Prime; shift_y_down=\u00a0\u00bb0&Prime; z_index=\u00a0\u00bb0&Prime; medium_width=\u00a0\u00bb0&Prime; mobile_width=\u00a0\u00bb0&Prime; width=\u00a0\u00bb1\/2&Prime;][vc_row_inner row_inner_height_percent=\u00a0\u00bb0&Prime; overlay_alpha=\u00a0\u00bb50&Prime; gutter_size=\u00a0\u00bb3&Prime; shift_y=\u00a0\u00bb0&Prime; z_index=\u00a0\u00bb0&Prime;][vc_column_inner column_width_percent=\u00a0\u00bb100&Prime; align_horizontal=\u00a0\u00bbalign_center\u00a0\u00bb gutter_size=\u00a0\u00bb3&Prime; overlay_alpha=\u00a0\u00bb50&Prime; shift_x=\u00a0\u00bb0&Prime; shift_y=\u00a0\u00bb-5&Prime; shift_y_down=\u00a0\u00bb0&Prime; z_index=\u00a0\u00bb0&Prime; medium_visibility=\u00a0\u00bbyes\u00a0\u00bb medium_width=\u00a0\u00bb0&Prime; mobile_visibility=\u00a0\u00bbyes\u00a0\u00bb mobile_width=\u00a0\u00bb0&Prime; width=\u00a0\u00bb1\/1&Prime;][vc_single_image media=\u00a0\u00bb81691&Prime; media_width_percent=\u00a0\u00bb100&Prime; shape=\u00a0\u00bbimg-round\u00a0\u00bb radius=\u00a0\u00bbxs\u00a0\u00bb][\/vc_column_inner][\/vc_row_inner][\/vc_column][vc_column column_width_percent=\u00a0\u00bb100&Prime; position_horizontal=\u00a0\u00bbleft\u00a0\u00bb position_vertical=\u00a0\u00bbmiddle\u00a0\u00bb gutter_size=\u00a0\u00bb3&Prime; overlay_alpha=\u00a0\u00bb50&Prime; shift_x=\u00a0\u00bb0&Prime; shift_y=\u00a0\u00bb0&Prime; shift_y_down=\u00a0\u00bb0&Prime; z_index=\u00a0\u00bb0&Prime; medium_width=\u00a0\u00bb0&Prime; align_mobile=\u00a0\u00bbalign_left_mobile\u00a0\u00bb mobile_width=\u00a0\u00bb0&Prime; css_animation=\u00a0\u00bbleft-t-right\u00a0\u00bb animation_delay=\u00a0\u00bb200&Prime; width=\u00a0\u00bb1\/2&Prime;][vc_row_inner][vc_column_inner column_width_percent=\u00a0\u00bb100&Prime; position_vertical=\u00a0\u00bbmiddle\u00a0\u00bb gutter_size=\u00a0\u00bb3&Prime; overlay_alpha=\u00a0\u00bb50&Prime; shift_x=\u00a0\u00bb0&Prime; shift_y=\u00a0\u00bb0&Prime; shift_y_down=\u00a0\u00bb0&Prime; z_index=\u00a0\u00bb0&Prime; medium_width=\u00a0\u00bb0&Prime; mobile_width=\u00a0\u00bb0&Prime; width=\u00a0\u00bb1\/1&Prime;][vc_empty_space empty_h=\u00a0\u00bb1&Prime;][vc_custom_heading text_color=\u00a0\u00bbcolor-137513&Prime;]Liste d&rsquo;attente[\/vc_custom_heading][vc_column_text]<\/p>\n<ul>\n<li>Pour inscrire votre enfant sur notre liste d&rsquo;attente, veuillez visiter <a href=\"https:\/\/www.laplace0-5.com\" target=\"_blank\" rel=\"noopener noreferrer\"><span style=\"color: #f79848;\"><strong>La Place 0-5<\/strong><\/span><\/a>.<\/li>\n<li>Remplissez le formulaire en ligne et s\u00e9lectionnez Talents123 Centre \u00c9ducatif Inc. pour inscrire votre enfant sur notre liste d&rsquo;attente.<\/li>\n<\/ul>\n<p>[\/vc_column_text][vc_custom_heading text_color=\u00a0\u00bbcolor-137513&Prime;]Trousse d&rsquo;information[\/vc_custom_heading][vc_column_text]SVP, veuillez nous contacter pour recevoir votre trousse d&rsquo;information incluant un aper\u00e7u de notre programme et un r\u00e9sum\u00e9 complet des frais et des options d&rsquo;horaire.[\/vc_column_text][vc_button button_color=\u00a0\u00bbcolor-137513&Prime; radius=\u00a0\u00bbbtn-circle\u00a0\u00bb custom_typo=\u00a0\u00bbyes\u00a0\u00bb font_family=\u00a0\u00bbfont-131924&Prime; font_weight=\u00a0\u00bb700&Prime; text_transform=\u00a0\u00bbuppercase\u00a0\u00bb letter_spacing=\u00a0\u00bbfontspace-261737&Prime; border_width=\u00a0\u00bb0&Prime; icon_position=\u00a0\u00bbright\u00a0\u00bb link=\u00a0\u00bburl:https%3A%2F%2Ftalents123.ca%2Ffr%2Fcontactez-nous%2F|title:Contact||\u00a0\u00bb icon=\u00a0\u00bbfa fa-chevron-right3&Prime;]Nous joindre[\/vc_button][\/vc_column_inner][\/vc_row_inner][\/vc_column][\/vc_row][vc_row unlock_row_content=\u00a0\u00bbyes\u00a0\u00bb row_height_percent=\u00a0\u00bb0&Prime; override_padding=\u00a0\u00bbyes\u00a0\u00bb h_padding=\u00a0\u00bb5&Prime; top_padding=\u00a0\u00bb3&Prime; bottom_padding=\u00a0\u00bb3&Prime; back_color=\u00a0\u00bbcolor-xsdn\u00a0\u00bb overlay_alpha=\u00a0\u00bb50&Prime; equal_height=\u00a0\u00bbyes\u00a0\u00bb gutter_size=\u00a0\u00bb4&Prime; column_width_percent=\u00a0\u00bb100&Prime; border_color=\u00a0\u00bbcolor-gyho\u00a0\u00bb border_style=\u00a0\u00bbsolid\u00a0\u00bb shift_y=\u00a0\u00bb0&Prime; z_index=\u00a0\u00bb0&Prime;][vc_column column_width_percent=\u00a0\u00bb100&Prime; align_horizontal=\u00a0\u00bbalign_center\u00a0\u00bb gutter_size=\u00a0\u00bb3&Prime; overlay_alpha=\u00a0\u00bb50&Prime; shift_x=\u00a0\u00bb0&Prime; shift_y=\u00a0\u00bb0&Prime; shift_y_down=\u00a0\u00bb0&Prime; z_index=\u00a0\u00bb0&Prime; medium_width=\u00a0\u00bb0&Prime; mobile_width=\u00a0\u00bb0&Prime; width=\u00a0\u00bb1\/1&Prime;][vc_row_inner row_inner_height_percent=\u00a0\u00bb0&Prime; overlay_alpha=\u00a0\u00bb50&Prime; gutter_size=\u00a0\u00bb4&Prime; shift_y=\u00a0\u00bb0&Prime; z_index=\u00a0\u00bb0&Prime;][vc_column_inner width=\u00a0\u00bb1\/4&Prime;][vc_custom_heading text_color=\u00a0\u00bbcolor-617146&Prime;]Visite[\/vc_custom_heading][vc_column_text]Une fois qu&rsquo;une place se lib\u00e8re, nous vous contacterons et nous vous inviterons \u00e0 planifier un rendez-vous pour venir visiter notre \u00e9tablissement, rencontrer notre \u00e9quipe et discuter de l&rsquo;admission de votre enfant chez Talents123.<\/p>\n<p><span lang=\"EN-CA\">\u00a0<\/span>[\/vc_column_text][\/vc_column_inner][vc_column_inner column_width_percent=\u00a0\u00bb100&Prime; gutter_size=\u00a0\u00bb3&Prime; overlay_alpha=\u00a0\u00bb50&Prime; shift_x=\u00a0\u00bb0&Prime; shift_y=\u00a0\u00bb0&Prime; shift_y_down=\u00a0\u00bb0&Prime; z_index=\u00a0\u00bb0&Prime; medium_width=\u00a0\u00bb0&Prime; mobile_width=\u00a0\u00bb0&Prime; width=\u00a0\u00bb1\/4&Prime; css=\u00a0\u00bb.vc_custom_1561478428010{border-right-width: 1px !important;}\u00a0\u00bb][vc_custom_heading text_color=\u00a0\u00bbcolor-617146&Prime;]Visite libre[\/vc_custom_heading][vc_column_text]<\/p>\n<p style=\"font-weight: 400;\">Toutes les familles sont les bienvenues \u00e0 notre visite libre annuelle pour faire le tour de notre \u00e9tablissement et rencontrer nos \u00e9ducateurs. Les parents inscrits sur notre liste d&rsquo;attente recevront une invitation par courriel avec la date et les d\u00e9tails concernant la prochaine visite libre.<\/p>\n<p>[\/vc_column_text][\/vc_column_inner][vc_column_inner width=\u00a0\u00bb1\/4&Prime;][vc_custom_heading text_color=\u00a0\u00bbcolor-617146&Prime;]Admission[\/vc_custom_heading][vc_column_text]La priorit\u00e9 est offerte aux enfants inscrits et \u00e0 leur fratrie. L&rsquo;admission de nouveaux enfants d\u00e9pend de la disponibilit\u00e9 et de l&rsquo;\u00e9valuation des besoins de votre enfant.[\/vc_column_text][\/vc_column_inner][vc_column_inner width=\u00a0\u00bb1\/4&Prime;][vc_custom_heading text_color=\u00a0\u00bbcolor-617146&Prime;]Frais[\/vc_custom_heading][vc_column_text]Les frais d\u00e9pendent du curriculum choisi et de l&rsquo;\u00e2ge de votre enfant. Des d\u00eeners et des collations biologiques, les activit\u00e9s enrichies telles que la musique et le yoga \u2014 ainsi que les produits de soins \u00e9cologiques comme les lingettes, le dentifrice et la cr\u00e8me solaire \u2014 sont tous inclus dans les frais.[\/vc_column_text][\/vc_column_inner][\/vc_row_inner][\/vc_column][\/vc_row][vc_row row_height_percent=\u00a0\u00bb0&Prime; override_padding=\u00a0\u00bbyes\u00a0\u00bb h_padding=\u00a0\u00bb2&Prime; top_padding=\u00a0\u00bb3&Prime; bottom_padding=\u00a0\u00bb3&Prime; back_color=\u00a0\u00bbcolor-137513&Prime; overlay_alpha=\u00a0\u00bb50&Prime; gutter_size=\u00a0\u00bb3&Prime; column_width_percent=\u00a0\u00bb100&Prime; shift_y=\u00a0\u00bb0&Prime; z_index=\u00a0\u00bb0&Prime;][vc_column column_width_percent=\u00a0\u00bb100&Prime; position_vertical=\u00a0\u00bbmiddle\u00a0\u00bb gutter_size=\u00a0\u00bb3&Prime; overlay_alpha=\u00a0\u00bb50&Prime; shift_x=\u00a0\u00bb0&Prime; shift_y=\u00a0\u00bb0&Prime; shift_y_down=\u00a0\u00bb0&Prime; z_index=\u00a0\u00bb0&Prime; medium_width=\u00a0\u00bb0&Prime; mobile_width=\u00a0\u00bb0&Prime; width=\u00a0\u00bb1\/1&Prime;][vc_row_inner][vc_column_inner column_width_percent=\u00a0\u00bb100&Prime; position_horizontal=\u00a0\u00bbleft\u00a0\u00bb position_vertical=\u00a0\u00bbmiddle\u00a0\u00bb gutter_size=\u00a0\u00bb3&Prime; style=\u00a0\u00bbdark\u00a0\u00bb overlay_alpha=\u00a0\u00bb50&Prime; shift_x=\u00a0\u00bb0&Prime; shift_y=\u00a0\u00bb0&Prime; shift_y_down=\u00a0\u00bb0&Prime; z_index=\u00a0\u00bb0&Prime; medium_width=\u00a0\u00bb0&Prime; mobile_width=\u00a0\u00bb0&Prime; width=\u00a0\u00bb2\/3&Prime;][vc_custom_heading]<\/p>\n<div class=\"uncoltable\">\n<div class=\"uncell boomapps_vccolumn no-block-padding\">\n<div class=\"uncont\">\n<div class=\"heading-text el-text\">\n<p>Envoyez votre demande aujourd&rsquo;hui.<\/p>\n<\/div>\n<\/div>\n<\/div>\n<\/div>\n<p>[\/vc_custom_heading][\/vc_column_inner][vc_column_inner column_width_percent=\u00a0\u00bb100&Prime; position_vertical=\u00a0\u00bbmiddle\u00a0\u00bb align_horizontal=\u00a0\u00bbalign_right\u00a0\u00bb gutter_size=\u00a0\u00bb3&Prime; style=\u00a0\u00bbdark\u00a0\u00bb overlay_alpha=\u00a0\u00bb50&Prime; shift_x=\u00a0\u00bb0&Prime; shift_y=\u00a0\u00bb0&Prime; shift_y_down=\u00a0\u00bb0&Prime; z_index=\u00a0\u00bb0&Prime; align_medium=\u00a0\u00bbalign_left_tablet\u00a0\u00bb medium_width=\u00a0\u00bb0&Prime; align_mobile=\u00a0\u00bbalign_left_mobile\u00a0\u00bb mobile_width=\u00a0\u00bb0&Prime; width=\u00a0\u00bb1\/3&Prime;][vc_button radius=\u00a0\u00bbbtn-circle\u00a0\u00bb hover_fx=\u00a0\u00bboutlined\u00a0\u00bb outline=\u00a0\u00bbyes\u00a0\u00bb custom_typo=\u00a0\u00bbyes\u00a0\u00bb font_family=\u00a0\u00bbfont-131924&Prime; font_weight=\u00a0\u00bb600&Prime; text_transform=\u00a0\u00bbuppercase\u00a0\u00bb letter_spacing=\u00a0\u00bbfontspace-210350&Prime; border_width=\u00a0\u00bb0&Prime; icon_position=\u00a0\u00bbright\u00a0\u00bb link=\u00a0\u00bburl:https%3A%2F%2Fwww.laplace0-5.com|title:Contact||\u00a0\u00bb icon=\u00a0\u00bbfa fa-chevron-right3&Prime;]Rendez-vous sur laplace 0-5[\/vc_button][\/vc_column_inner][\/vc_row_inner][\/vc_column][\/vc_row]<\/p>\n<\/div>","protected":false},"excerpt":{"rendered":"<p>[vc_row row_height_percent=\u00a0\u00bb0&Prime; override_padding=\u00a0\u00bbyes\u00a0\u00bb h_padding=\u00a0\u00bb2&Prime; top_padding=\u00a0\u00bb3&Prime; bottom_padding=\u00a0\u00bb5&Prime; back_color=\u00a0\u00bbcolor-xsdn\u00a0\u00bb overlay_alpha=\u00a0\u00bb50&Prime; gutter_size=\u00a0\u00bb3&Prime; column_width_percent=\u00a0\u00bb100&Prime; shift_y=\u00a0\u00bb0&Prime; z_index=\u00a0\u00bb0&Prime;][vc_column width=\u00a0\u00bb1\/1&Prime;][vc_row_inner][vc_column_inner width=\u00a0\u00bb1\/2&Prime;][vc_separator sep_color=\u00a0\u00bbcolor-904447&Prime; el_width=\u00a0\u00bb50px\u00a0\u00bb el_height=\u00a0\u00bb2px\u00a0\u00bb][vc_custom_heading text_color=\u00a0\u00bbcolor-904447&Prime; sub_reduced=\u00a0\u00bbyes\u00a0\u00bb uncode_shortcode_id=\u00a0\u00bb169312&Prime; [&hellip;]<\/p>\n","protected":false},"author":2,"featured_media":0,"parent":0,"menu_order":0,"comment_status":"closed","ping_status":"closed","template":"","meta":{"footnotes":""},"class_list":["post-81721","page","type-page","status-publish","hentry"],"yoast_head":"<!-- This site is optimized with the Yoast SEO plugin v27.4 - https:\/\/yoast.com\/product\/yoast-seo-wordpress\/ -->\n<title>Admission ouverte : d\u00e9couvrez la meilleure garderie pr\u00e8s de chez moi chez Talents123<\/title>\n<meta name=\"description\" content=\"Choisissez la meilleure garderie pr\u00e8s de chez vous chez Talents123. Des programmes fiables, stimulants et captivants pour votre enfant. Assurez l&#039;admission de votre enfant d\u00e8s aujourd&#039;hui.\" \/>\n<meta name=\"robots\" content=\"index, follow, max-snippet:-1, max-image-preview:large, max-video-preview:-1\" \/>\n<link rel=\"canonical\" href=\"https:\/\/talents123.ca\/fr\/admission\/\" \/>\n<meta property=\"og:locale\" content=\"fr_FR\" \/>\n<meta property=\"og:type\" content=\"article\" \/>\n<meta property=\"og:title\" content=\"Admission ouverte : d\u00e9couvrez la meilleure garderie pr\u00e8s de chez moi chez Talents123\" \/>\n<meta property=\"og:description\" content=\"Choisissez la meilleure garderie pr\u00e8s de chez vous chez Talents123. Des programmes fiables, stimulants et captivants pour votre enfant. Assurez l&#039;admission de votre enfant d\u00e8s aujourd&#039;hui.\" \/>\n<meta property=\"og:url\" content=\"https:\/\/talents123.ca\/fr\/admission\/\" \/>\n<meta property=\"og:site_name\" content=\"Talents123\" \/>\n<meta property=\"article:publisher\" content=\"https:\/\/www.facebook.com\/talents123\" \/>\n<meta property=\"article:modified_time\" content=\"2023-08-05T18:08:56+00:00\" \/>\n<meta name=\"twitter:card\" content=\"summary_large_image\" \/>\n<meta name=\"twitter:label1\" content=\"Dur\u00e9e de lecture estim\u00e9e\" \/>\n\t<meta name=\"twitter:data1\" content=\"3 minutes\" \/>\n<script type=\"application\/ld+json\" class=\"yoast-schema-graph\">{\"@context\":\"https:\\\/\\\/schema.org\",\"@graph\":[{\"@type\":\"WebPage\",\"@id\":\"https:\\\/\\\/talents123.ca\\\/fr\\\/admission\\\/\",\"url\":\"https:\\\/\\\/talents123.ca\\\/fr\\\/admission\\\/\",\"name\":\"Admission ouverte : d\u00e9couvrez la meilleure garderie pr\u00e8s de chez moi chez Talents123\",\"isPartOf\":{\"@id\":\"https:\\\/\\\/talents123.ca\\\/fr\\\/#website\"},\"datePublished\":\"2019-07-17T19:10:51+00:00\",\"dateModified\":\"2023-08-05T18:08:56+00:00\",\"description\":\"Choisissez la meilleure garderie pr\u00e8s de chez vous chez Talents123. Des programmes fiables, stimulants et captivants pour votre enfant. Assurez l'admission de votre enfant d\u00e8s aujourd'hui.\",\"breadcrumb\":{\"@id\":\"https:\\\/\\\/talents123.ca\\\/fr\\\/admission\\\/#breadcrumb\"},\"inLanguage\":\"fr-FR\",\"potentialAction\":[{\"@type\":\"ReadAction\",\"target\":[\"https:\\\/\\\/talents123.ca\\\/fr\\\/admission\\\/\"]}]},{\"@type\":\"BreadcrumbList\",\"@id\":\"https:\\\/\\\/talents123.ca\\\/fr\\\/admission\\\/#breadcrumb\",\"itemListElement\":[{\"@type\":\"ListItem\",\"position\":1,\"name\":\"Home\",\"item\":\"https:\\\/\\\/talents123.ca\\\/fr\\\/\"},{\"@type\":\"ListItem\",\"position\":2,\"name\":\"Admission\"}]},{\"@type\":\"WebSite\",\"@id\":\"https:\\\/\\\/talents123.ca\\\/fr\\\/#website\",\"url\":\"https:\\\/\\\/talents123.ca\\\/fr\\\/\",\"name\":\"Talents123\",\"description\":\"Educational center\",\"publisher\":{\"@id\":\"https:\\\/\\\/talents123.ca\\\/fr\\\/#organization\"},\"potentialAction\":[{\"@type\":\"SearchAction\",\"target\":{\"@type\":\"EntryPoint\",\"urlTemplate\":\"https:\\\/\\\/talents123.ca\\\/fr\\\/?s={search_term_string}\"},\"query-input\":{\"@type\":\"PropertyValueSpecification\",\"valueRequired\":true,\"valueName\":\"search_term_string\"}}],\"inLanguage\":\"fr-FR\"},{\"@type\":\"Organization\",\"@id\":\"https:\\\/\\\/talents123.ca\\\/fr\\\/#organization\",\"name\":\"Talents123\",\"url\":\"https:\\\/\\\/talents123.ca\\\/fr\\\/\",\"logo\":{\"@type\":\"ImageObject\",\"inLanguage\":\"fr-FR\",\"@id\":\"https:\\\/\\\/talents123.ca\\\/fr\\\/#\\\/schema\\\/logo\\\/image\\\/\",\"url\":\"https:\\\/\\\/talents123.ca\\\/wp-content\\\/uploads\\\/2019\\\/06\\\/TAL123_Logo_RGB_Full_Verti_Colour_EN.png\",\"contentUrl\":\"https:\\\/\\\/talents123.ca\\\/wp-content\\\/uploads\\\/2019\\\/06\\\/TAL123_Logo_RGB_Full_Verti_Colour_EN.png\",\"width\":1642,\"height\":1730,\"caption\":\"Talents123\"},\"image\":{\"@id\":\"https:\\\/\\\/talents123.ca\\\/fr\\\/#\\\/schema\\\/logo\\\/image\\\/\"},\"sameAs\":[\"https:\\\/\\\/www.facebook.com\\\/talents123\",\"https:\\\/\\\/www.instagram.com\\\/talents123.ca\\\/\"]}]}<\/script>\n<!-- \/ Yoast SEO plugin. -->","yoast_head_json":{"title":"Admission ouverte : d\u00e9couvrez la meilleure garderie pr\u00e8s de chez moi chez Talents123","description":"Choisissez la meilleure garderie pr\u00e8s de chez vous chez Talents123. Des programmes fiables, stimulants et captivants pour votre enfant. Assurez l'admission de votre enfant d\u00e8s aujourd'hui.","robots":{"index":"index","follow":"follow","max-snippet":"max-snippet:-1","max-image-preview":"max-image-preview:large","max-video-preview":"max-video-preview:-1"},"canonical":"https:\/\/talents123.ca\/fr\/admission\/","og_locale":"fr_FR","og_type":"article","og_title":"Admission ouverte : d\u00e9couvrez la meilleure garderie pr\u00e8s de chez moi chez Talents123","og_description":"Choisissez la meilleure garderie pr\u00e8s de chez vous chez Talents123. Des programmes fiables, stimulants et captivants pour votre enfant. Assurez l'admission de votre enfant d\u00e8s aujourd'hui.","og_url":"https:\/\/talents123.ca\/fr\/admission\/","og_site_name":"Talents123","article_publisher":"https:\/\/www.facebook.com\/talents123","article_modified_time":"2023-08-05T18:08:56+00:00","twitter_card":"summary_large_image","twitter_misc":{"Dur\u00e9e de lecture estim\u00e9e":"3 minutes"},"schema":{"@context":"https:\/\/schema.org","@graph":[{"@type":"WebPage","@id":"https:\/\/talents123.ca\/fr\/admission\/","url":"https:\/\/talents123.ca\/fr\/admission\/","name":"Admission ouverte : d\u00e9couvrez la meilleure garderie pr\u00e8s de chez moi chez Talents123","isPartOf":{"@id":"https:\/\/talents123.ca\/fr\/#website"},"datePublished":"2019-07-17T19:10:51+00:00","dateModified":"2023-08-05T18:08:56+00:00","description":"Choisissez la meilleure garderie pr\u00e8s de chez vous chez Talents123. Des programmes fiables, stimulants et captivants pour votre enfant. Assurez l'admission de votre enfant d\u00e8s aujourd'hui.","breadcrumb":{"@id":"https:\/\/talents123.ca\/fr\/admission\/#breadcrumb"},"inLanguage":"fr-FR","potentialAction":[{"@type":"ReadAction","target":["https:\/\/talents123.ca\/fr\/admission\/"]}]},{"@type":"BreadcrumbList","@id":"https:\/\/talents123.ca\/fr\/admission\/#breadcrumb","itemListElement":[{"@type":"ListItem","position":1,"name":"Home","item":"https:\/\/talents123.ca\/fr\/"},{"@type":"ListItem","position":2,"name":"Admission"}]},{"@type":"WebSite","@id":"https:\/\/talents123.ca\/fr\/#website","url":"https:\/\/talents123.ca\/fr\/","name":"Talents123","description":"Educational center","publisher":{"@id":"https:\/\/talents123.ca\/fr\/#organization"},"potentialAction":[{"@type":"SearchAction","target":{"@type":"EntryPoint","urlTemplate":"https:\/\/talents123.ca\/fr\/?s={search_term_string}"},"query-input":{"@type":"PropertyValueSpecification","valueRequired":true,"valueName":"search_term_string"}}],"inLanguage":"fr-FR"},{"@type":"Organization","@id":"https:\/\/talents123.ca\/fr\/#organization","name":"Talents123","url":"https:\/\/talents123.ca\/fr\/","logo":{"@type":"ImageObject","inLanguage":"fr-FR","@id":"https:\/\/talents123.ca\/fr\/#\/schema\/logo\/image\/","url":"https:\/\/talents123.ca\/wp-content\/uploads\/2019\/06\/TAL123_Logo_RGB_Full_Verti_Colour_EN.png","contentUrl":"https:\/\/talents123.ca\/wp-content\/uploads\/2019\/06\/TAL123_Logo_RGB_Full_Verti_Colour_EN.png","width":1642,"height":1730,"caption":"Talents123"},"image":{"@id":"https:\/\/talents123.ca\/fr\/#\/schema\/logo\/image\/"},"sameAs":["https:\/\/www.facebook.com\/talents123","https:\/\/www.instagram.com\/talents123.ca\/"]}]}},"_links":{"self":[{"href":"https:\/\/talents123.ca\/fr\/wp-json\/wp\/v2\/pages\/81721","targetHints":{"allow":["GET"]}}],"collection":[{"href":"https:\/\/talents123.ca\/fr\/wp-json\/wp\/v2\/pages"}],"about":[{"href":"https:\/\/talents123.ca\/fr\/wp-json\/wp\/v2\/types\/page"}],"author":[{"embeddable":true,"href":"https:\/\/talents123.ca\/fr\/wp-json\/wp\/v2\/users\/2"}],"replies":[{"embeddable":true,"href":"https:\/\/talents123.ca\/fr\/wp-json\/wp\/v2\/comments?post=81721"}],"version-history":[{"count":6,"href":"https:\/\/talents123.ca\/fr\/wp-json\/wp\/v2\/pages\/81721\/revisions"}],"predecessor-version":[{"id":82378,"href":"https:\/\/talents123.ca\/fr\/wp-json\/wp\/v2\/pages\/81721\/revisions\/82378"}],"wp:attachment":[{"href":"https:\/\/talents123.ca\/fr\/wp-json\/wp\/v2\/media?parent=81721"}],"curies":[{"name":"wp","href":"https:\/\/api.w.org\/{rel}","templated":true}]}}