{"id":81717,"date":"2019-07-17T18:53:42","date_gmt":"2019-07-17T18:53:42","guid":{"rendered":"https:\/\/talents123.ca\/carriere\/"},"modified":"2023-08-05T14:15:29","modified_gmt":"2023-08-05T18:15:29","slug":"carriere","status":"publish","type":"page","link":"https:\/\/talents123.ca\/fr\/carriere\/","title":{"rendered":"Carri\u00e8re"},"content":{"rendered":"<div class=\"wpb-content-wrapper\"><p>[vc_row row_height_percent=\u00a0\u00bb0&Prime; override_padding=\u00a0\u00bbyes\u00a0\u00bb h_padding=\u00a0\u00bb2&Prime; top_padding=\u00a0\u00bb3&Prime; bottom_padding=\u00a0\u00bb5&Prime; back_color=\u00a0\u00bbcolor-xsdn\u00a0\u00bb overlay_alpha=\u00a0\u00bb50&Prime; gutter_size=\u00a0\u00bb3&Prime; column_width_percent=\u00a0\u00bb100&Prime; shift_y=\u00a0\u00bb0&Prime; z_index=\u00a0\u00bb0&Prime;][vc_column width=\u00a0\u00bb1\/1&Prime;][vc_row_inner][vc_column_inner width=\u00a0\u00bb1\/2&Prime;][vc_separator sep_color=\u00a0\u00bbcolor-904447&Prime; el_width=\u00a0\u00bb50px\u00a0\u00bb el_height=\u00a0\u00bb2px\u00a0\u00bb][vc_custom_heading text_color=\u00a0\u00bbcolor-904447&Prime; sub_reduced=\u00a0\u00bbyes\u00a0\u00bb uncode_shortcode_id=\u00a0\u00bb747960&Prime; text_color_type=\u00a0\u00bbuncode-palette\u00a0\u00bb]<span style=\"font-weight: 400;\">Chez Talents123, nous sommes toujours \u00e0 la recherche de talents dynamiques pour joindre notre famille en constante croissance. <\/span>[\/vc_custom_heading][\/vc_column_inner][vc_column_inner width=\u00a0\u00bb1\/2&Prime;][vc_separator sep_color=\u00a0\u00bb,Default\u00a0\u00bb medium_visibility=\u00a0\u00bbyes\u00a0\u00bb mobile_visibility=\u00a0\u00bbyes\u00a0\u00bb el_width=\u00a0\u00bb0&Prime; el_height=\u00a0\u00bb0&Prime;][vc_column_text text_lead=\u00a0\u00bbyes\u00a0\u00bb]<span style=\"font-weight: 400;\">Nous offrons un salaire concurrentiel selon les qualifications et l&rsquo;exp\u00e9rience du candidat, ainsi que plusieurs avantages.<\/span>[\/vc_column_text][\/vc_column_inner][\/vc_row_inner][vc_empty_space empty_h=\u00a0\u00bb3&Prime; medium_visibility=\u00a0\u00bbyes\u00a0\u00bb mobile_visibility=\u00a0\u00bbyes\u00a0\u00bb][\/vc_column][\/vc_row][vc_row unlock_row_content=\u00a0\u00bbyes\u00a0\u00bb row_height_percent=\u00a0\u00bb0&Prime; override_padding=\u00a0\u00bbyes\u00a0\u00bb h_padding=\u00a0\u00bb3&Prime; top_padding=\u00a0\u00bb0&Prime; bottom_padding=\u00a0\u00bb6&Prime; back_color=\u00a0\u00bbcolor-105183&Prime; overlay_alpha=\u00a0\u00bb50&Prime; equal_height=\u00a0\u00bbyes\u00a0\u00bb gutter_size=\u00a0\u00bb4&Prime; column_width_percent=\u00a0\u00bb100&Prime; border_color=\u00a0\u00bbcolor-gyho\u00a0\u00bb border_style=\u00a0\u00bbsolid\u00a0\u00bb shift_y=\u00a0\u00bb0&Prime; z_index=\u00a0\u00bb0&Prime;][vc_column column_width_percent=\u00a0\u00bb100&Prime; align_horizontal=\u00a0\u00bbalign_center\u00a0\u00bb gutter_size=\u00a0\u00bb3&Prime; overlay_alpha=\u00a0\u00bb50&Prime; shift_x=\u00a0\u00bb0&Prime; shift_y=\u00a0\u00bb0&Prime; shift_y_down=\u00a0\u00bb0&Prime; z_index=\u00a0\u00bb0&Prime; medium_width=\u00a0\u00bb0&Prime; mobile_width=\u00a0\u00bb0&Prime; width=\u00a0\u00bb1\/2&Prime;][vc_row_inner row_inner_height_percent=\u00a0\u00bb0&Prime; overlay_alpha=\u00a0\u00bb50&Prime; gutter_size=\u00a0\u00bb3&Prime; shift_y=\u00a0\u00bb0&Prime; z_index=\u00a0\u00bb0&Prime;][vc_column_inner column_width_percent=\u00a0\u00bb100&Prime; align_horizontal=\u00a0\u00bbalign_center\u00a0\u00bb gutter_size=\u00a0\u00bb3&Prime; overlay_alpha=\u00a0\u00bb50&Prime; shift_x=\u00a0\u00bb0&Prime; shift_y=\u00a0\u00bb-5&Prime; shift_y_down=\u00a0\u00bb0&Prime; z_index=\u00a0\u00bb0&Prime; medium_visibility=\u00a0\u00bbyes\u00a0\u00bb medium_width=\u00a0\u00bb0&Prime; mobile_visibility=\u00a0\u00bbyes\u00a0\u00bb mobile_width=\u00a0\u00bb0&Prime; width=\u00a0\u00bb1\/1&Prime;][vc_single_image media=\u00a0\u00bb82066&Prime; media_width_percent=\u00a0\u00bb100&Prime; shape=\u00a0\u00bbimg-round\u00a0\u00bb radius=\u00a0\u00bbxs\u00a0\u00bb][\/vc_column_inner][\/vc_row_inner][\/vc_column][vc_column column_width_percent=\u00a0\u00bb100&Prime; position_horizontal=\u00a0\u00bbleft\u00a0\u00bb position_vertical=\u00a0\u00bbmiddle\u00a0\u00bb gutter_size=\u00a0\u00bb3&Prime; overlay_alpha=\u00a0\u00bb50&Prime; shift_x=\u00a0\u00bb0&Prime; shift_y=\u00a0\u00bb0&Prime; shift_y_down=\u00a0\u00bb0&Prime; z_index=\u00a0\u00bb0&Prime; medium_width=\u00a0\u00bb0&Prime; align_mobile=\u00a0\u00bbalign_left_mobile\u00a0\u00bb mobile_width=\u00a0\u00bb0&Prime; css_animation=\u00a0\u00bbleft-t-right\u00a0\u00bb animation_delay=\u00a0\u00bb200&Prime; width=\u00a0\u00bb1\/2&Prime;][vc_row_inner][vc_column_inner column_width_percent=\u00a0\u00bb100&Prime; position_vertical=\u00a0\u00bbmiddle\u00a0\u00bb gutter_size=\u00a0\u00bb3&Prime; overlay_alpha=\u00a0\u00bb50&Prime; shift_x=\u00a0\u00bb0&Prime; shift_y=\u00a0\u00bb0&Prime; shift_y_down=\u00a0\u00bb0&Prime; z_index=\u00a0\u00bb0&Prime; medium_width=\u00a0\u00bb0&Prime; mobile_width=\u00a0\u00bb0&Prime; width=\u00a0\u00bb1\/1&Prime;][vc_empty_space empty_h=\u00a0\u00bb2&Prime; medium_visibility=\u00a0\u00bbyes\u00a0\u00bb mobile_visibility=\u00a0\u00bbyes\u00a0\u00bb][vc_empty_space empty_h=\u00a0\u00bb0&Prime; desktop_visibility=\u00a0\u00bbyes\u00a0\u00bb][vc_custom_heading text_color=\u00a0\u00bbcolor-137513&Prime; heading_semantic=\u00a0\u00bbh3&Prime; sub_reduced=\u00a0\u00bbyes\u00a0\u00bb]<span style=\"font-weight: 400;\">En plus de travailler dans un environnement positif qui vous donnera envie de vous rendre au travail le matin, nous offrons des programmes de formation et des opportunit\u00e9s de d\u00e9veloppement professionnel \u00e0 nos employ\u00e9s.<\/span>[\/vc_custom_heading][vc_column_text]<span style=\"font-weight: 400;\">Les \u00e9ducateurs ont droit \u00e0 deux journ\u00e9es p\u00e9dagogiques chaque ann\u00e9e pour leur permettre de planifier les <\/span><span style=\"font-weight: 400;\">programmes p\u00e9dagogiques,<\/span><span style=\"font-weight: 400;\"> organiser <\/span><span style=\"font-weight: 400;\">leurs <\/span><span style=\"font-weight: 400;\">classes, identifier le mat\u00e9riel manquant, d\u00e9finir les objectifs et communiquer avec le reste de l&rsquo;\u00e9quipe. Notre trousse de d\u00e9part d\u00e9taill\u00e9e fournit un portrait clair de notre philosophie et de notre programme, favorisant une communication transparente d\u00e8s le premier jour. <\/span><span style=\"font-weight: 400;\">Par dessus tout,<\/span><span style=\"font-weight: 400;\"> nous offrons une atmosph\u00e8re gratifiante, au sein d&rsquo;une \u00e9quipe d\u00e9vou\u00e9e \u00e0 l&rsquo;excellence.<\/span>[\/vc_column_text][\/vc_column_inner][\/vc_row_inner][\/vc_column][\/vc_row][vc_row unlock_row_content=\u00a0\u00bbyes\u00a0\u00bb row_height_percent=\u00a0\u00bb0&Prime; override_padding=\u00a0\u00bbyes\u00a0\u00bb h_padding=\u00a0\u00bb0&Prime; top_padding=\u00a0\u00bb0&Prime; bottom_padding=\u00a0\u00bb0&Prime; back_color=\u00a0\u00bbcolor-137513&Prime; overlay_alpha=\u00a0\u00bb50&Prime; equal_height=\u00a0\u00bbyes\u00a0\u00bb gutter_size=\u00a0\u00bb4&Prime; column_width_percent=\u00a0\u00bb100&Prime; border_color=\u00a0\u00bbcolor-gyho\u00a0\u00bb border_style=\u00a0\u00bbsolid\u00a0\u00bb shift_y=\u00a0\u00bb0&Prime; z_index=\u00a0\u00bb0&Prime; desktop_visibility=\u00a0\u00bbyes\u00a0\u00bb][vc_column column_width_percent=\u00a0\u00bb100&Prime; position_vertical=\u00a0\u00bbmiddle\u00a0\u00bb gutter_size=\u00a0\u00bb3&Prime; overlay_alpha=\u00a0\u00bb50&Prime; shift_x=\u00a0\u00bb0&Prime; shift_y=\u00a0\u00bb0&Prime; shift_y_down=\u00a0\u00bb0&Prime; z_index=\u00a0\u00bb0&Prime; medium_width=\u00a0\u00bb0&Prime; mobile_width=\u00a0\u00bb0&Prime; width=\u00a0\u00bb1\/1&Prime;][vc_single_image media=\u00a0\u00bb82066&Prime; media_width_percent=\u00a0\u00bb100&Prime; shape=\u00a0\u00bbimg-round\u00a0\u00bb radius=\u00a0\u00bbxs\u00a0\u00bb][\/vc_column][\/vc_row][vc_row row_height_percent=\u00a0\u00bb0&Prime; override_padding=\u00a0\u00bbyes\u00a0\u00bb h_padding=\u00a0\u00bb2&Prime; top_padding=\u00a0\u00bb3&Prime; bottom_padding=\u00a0\u00bb3&Prime; back_color=\u00a0\u00bbcolor-137513&Prime; overlay_alpha=\u00a0\u00bb50&Prime; gutter_size=\u00a0\u00bb3&Prime; column_width_percent=\u00a0\u00bb100&Prime; shift_y=\u00a0\u00bb0&Prime; z_index=\u00a0\u00bb0&Prime;][vc_column column_width_percent=\u00a0\u00bb100&Prime; position_vertical=\u00a0\u00bbmiddle\u00a0\u00bb gutter_size=\u00a0\u00bb3&Prime; overlay_alpha=\u00a0\u00bb50&Prime; shift_x=\u00a0\u00bb0&Prime; shift_y=\u00a0\u00bb0&Prime; shift_y_down=\u00a0\u00bb0&Prime; z_index=\u00a0\u00bb0&Prime; medium_width=\u00a0\u00bb0&Prime; mobile_width=\u00a0\u00bb0&Prime; width=\u00a0\u00bb1\/1&Prime;][vc_row_inner][vc_column_inner column_width_percent=\u00a0\u00bb100&Prime; position_horizontal=\u00a0\u00bbleft\u00a0\u00bb position_vertical=\u00a0\u00bbmiddle\u00a0\u00bb gutter_size=\u00a0\u00bb3&Prime; style=\u00a0\u00bbdark\u00a0\u00bb overlay_alpha=\u00a0\u00bb50&Prime; shift_x=\u00a0\u00bb0&Prime; shift_y=\u00a0\u00bb0&Prime; shift_y_down=\u00a0\u00bb0&Prime; z_index=\u00a0\u00bb0&Prime; medium_width=\u00a0\u00bb0&Prime; mobile_width=\u00a0\u00bb0&Prime; width=\u00a0\u00bb2\/3&Prime;][vc_custom_heading]<span style=\"font-weight: 400;\">Postulez d\u00e8s maintenant pour une carri\u00e8re chez Talents123.<\/span>[\/vc_custom_heading][\/vc_column_inner][vc_column_inner column_width_percent=\u00a0\u00bb100&Prime; position_vertical=\u00a0\u00bbmiddle\u00a0\u00bb align_horizontal=\u00a0\u00bbalign_right\u00a0\u00bb gutter_size=\u00a0\u00bb3&Prime; style=\u00a0\u00bbdark\u00a0\u00bb overlay_alpha=\u00a0\u00bb50&Prime; shift_x=\u00a0\u00bb0&Prime; shift_y=\u00a0\u00bb0&Prime; shift_y_down=\u00a0\u00bb0&Prime; z_index=\u00a0\u00bb0&Prime; align_medium=\u00a0\u00bbalign_left_tablet\u00a0\u00bb medium_width=\u00a0\u00bb0&Prime; align_mobile=\u00a0\u00bbalign_left_mobile\u00a0\u00bb mobile_width=\u00a0\u00bb0&Prime; width=\u00a0\u00bb1\/3&Prime;][vc_button radius=\u00a0\u00bbbtn-circle\u00a0\u00bb hover_fx=\u00a0\u00bboutlined\u00a0\u00bb outline=\u00a0\u00bbyes\u00a0\u00bb custom_typo=\u00a0\u00bbyes\u00a0\u00bb font_family=\u00a0\u00bbfont-131924&Prime; font_weight=\u00a0\u00bb600&Prime; text_transform=\u00a0\u00bbuppercase\u00a0\u00bb letter_spacing=\u00a0\u00bbfontspace-210350&Prime; border_width=\u00a0\u00bb0&Prime; icon_position=\u00a0\u00bbright\u00a0\u00bb link=\u00a0\u00bburl:https%3A%2F%2Ftalents123.ca%2Ffr%2Fcontactez-nous%2F|title:Contact||\u00a0\u00bb icon=\u00a0\u00bbfa fa-chevron-right3&Prime;]Contactez-nous[\/vc_button][\/vc_column_inner][\/vc_row_inner][\/vc_column][\/vc_row]<\/p>\n<\/div>","protected":false},"excerpt":{"rendered":"<p>[vc_row row_height_percent=\u00a0\u00bb0&Prime; override_padding=\u00a0\u00bbyes\u00a0\u00bb h_padding=\u00a0\u00bb2&Prime; top_padding=\u00a0\u00bb3&Prime; bottom_padding=\u00a0\u00bb5&Prime; back_color=\u00a0\u00bbcolor-xsdn\u00a0\u00bb overlay_alpha=\u00a0\u00bb50&Prime; gutter_size=\u00a0\u00bb3&Prime; column_width_percent=\u00a0\u00bb100&Prime; shift_y=\u00a0\u00bb0&Prime; z_index=\u00a0\u00bb0&Prime;][vc_column width=\u00a0\u00bb1\/1&Prime;][vc_row_inner][vc_column_inner width=\u00a0\u00bb1\/2&Prime;][vc_separator sep_color=\u00a0\u00bbcolor-904447&Prime; el_width=\u00a0\u00bb50px\u00a0\u00bb el_height=\u00a0\u00bb2px\u00a0\u00bb][vc_custom_heading text_color=\u00a0\u00bbcolor-904447&Prime; sub_reduced=\u00a0\u00bbyes\u00a0\u00bb uncode_shortcode_id=\u00a0\u00bb747960&Prime; [&hellip;]<\/p>\n","protected":false},"author":2,"featured_media":0,"parent":0,"menu_order":0,"comment_status":"closed","ping_status":"closed","template":"","meta":{"footnotes":""},"class_list":["post-81717","page","type-page","status-publish","hentry"],"yoast_head":"<!-- This site is optimized with the Yoast SEO plugin v27.4 - https:\/\/yoast.com\/product\/yoast-seo-wordpress\/ -->\n<title>Rejoignez notre \u00e9quipe : int\u00e9ressantes opportunit\u00e9s d&#039;emploi en garderie chez Talents123<\/title>\n<meta name=\"description\" content=\"D\u00e9couvrez des opportunit\u00e9s d&#039;emploi enrichissantes en garderie chez Talents123. Rejoignez notre \u00e9quipe et faites une diff\u00e9rence dans la vie des enfants. Postulez maintenant pour une carri\u00e8re \u00e9panouissante dans le domaine de la garderie.\" \/>\n<meta name=\"robots\" content=\"index, follow, max-snippet:-1, max-image-preview:large, max-video-preview:-1\" \/>\n<link rel=\"canonical\" href=\"https:\/\/talents123.ca\/fr\/carriere\/\" \/>\n<meta property=\"og:locale\" content=\"fr_FR\" \/>\n<meta property=\"og:type\" content=\"article\" \/>\n<meta property=\"og:title\" content=\"Rejoignez notre \u00e9quipe : int\u00e9ressantes opportunit\u00e9s d&#039;emploi en garderie chez Talents123\" \/>\n<meta property=\"og:description\" content=\"D\u00e9couvrez des opportunit\u00e9s d&#039;emploi enrichissantes en garderie chez Talents123. Rejoignez notre \u00e9quipe et faites une diff\u00e9rence dans la vie des enfants. Postulez maintenant pour une carri\u00e8re \u00e9panouissante dans le domaine de la garderie.\" \/>\n<meta property=\"og:url\" content=\"https:\/\/talents123.ca\/fr\/carriere\/\" \/>\n<meta property=\"og:site_name\" content=\"Talents123\" \/>\n<meta property=\"article:publisher\" content=\"https:\/\/www.facebook.com\/talents123\" \/>\n<meta property=\"article:modified_time\" content=\"2023-08-05T18:15:29+00:00\" \/>\n<meta name=\"twitter:card\" content=\"summary_large_image\" \/>\n<meta name=\"twitter:label1\" content=\"Dur\u00e9e de lecture estim\u00e9e\" \/>\n\t<meta name=\"twitter:data1\" content=\"2 minutes\" \/>\n<script type=\"application\/ld+json\" class=\"yoast-schema-graph\">{\"@context\":\"https:\\\/\\\/schema.org\",\"@graph\":[{\"@type\":\"WebPage\",\"@id\":\"https:\\\/\\\/talents123.ca\\\/fr\\\/carriere\\\/\",\"url\":\"https:\\\/\\\/talents123.ca\\\/fr\\\/carriere\\\/\",\"name\":\"Rejoignez notre \u00e9quipe : int\u00e9ressantes opportunit\u00e9s d'emploi en garderie chez Talents123\",\"isPartOf\":{\"@id\":\"https:\\\/\\\/talents123.ca\\\/fr\\\/#website\"},\"datePublished\":\"2019-07-17T18:53:42+00:00\",\"dateModified\":\"2023-08-05T18:15:29+00:00\",\"description\":\"D\u00e9couvrez des opportunit\u00e9s d'emploi enrichissantes en garderie chez Talents123. Rejoignez notre \u00e9quipe et faites une diff\u00e9rence dans la vie des enfants. Postulez maintenant pour une carri\u00e8re \u00e9panouissante dans le domaine de la garderie.\",\"breadcrumb\":{\"@id\":\"https:\\\/\\\/talents123.ca\\\/fr\\\/carriere\\\/#breadcrumb\"},\"inLanguage\":\"fr-FR\",\"potentialAction\":[{\"@type\":\"ReadAction\",\"target\":[\"https:\\\/\\\/talents123.ca\\\/fr\\\/carriere\\\/\"]}]},{\"@type\":\"BreadcrumbList\",\"@id\":\"https:\\\/\\\/talents123.ca\\\/fr\\\/carriere\\\/#breadcrumb\",\"itemListElement\":[{\"@type\":\"ListItem\",\"position\":1,\"name\":\"Home\",\"item\":\"https:\\\/\\\/talents123.ca\\\/fr\\\/\"},{\"@type\":\"ListItem\",\"position\":2,\"name\":\"Carri\u00e8re\"}]},{\"@type\":\"WebSite\",\"@id\":\"https:\\\/\\\/talents123.ca\\\/fr\\\/#website\",\"url\":\"https:\\\/\\\/talents123.ca\\\/fr\\\/\",\"name\":\"Talents123\",\"description\":\"Educational center\",\"publisher\":{\"@id\":\"https:\\\/\\\/talents123.ca\\\/fr\\\/#organization\"},\"potentialAction\":[{\"@type\":\"SearchAction\",\"target\":{\"@type\":\"EntryPoint\",\"urlTemplate\":\"https:\\\/\\\/talents123.ca\\\/fr\\\/?s={search_term_string}\"},\"query-input\":{\"@type\":\"PropertyValueSpecification\",\"valueRequired\":true,\"valueName\":\"search_term_string\"}}],\"inLanguage\":\"fr-FR\"},{\"@type\":\"Organization\",\"@id\":\"https:\\\/\\\/talents123.ca\\\/fr\\\/#organization\",\"name\":\"Talents123\",\"url\":\"https:\\\/\\\/talents123.ca\\\/fr\\\/\",\"logo\":{\"@type\":\"ImageObject\",\"inLanguage\":\"fr-FR\",\"@id\":\"https:\\\/\\\/talents123.ca\\\/fr\\\/#\\\/schema\\\/logo\\\/image\\\/\",\"url\":\"https:\\\/\\\/talents123.ca\\\/wp-content\\\/uploads\\\/2019\\\/06\\\/TAL123_Logo_RGB_Full_Verti_Colour_EN.png\",\"contentUrl\":\"https:\\\/\\\/talents123.ca\\\/wp-content\\\/uploads\\\/2019\\\/06\\\/TAL123_Logo_RGB_Full_Verti_Colour_EN.png\",\"width\":1642,\"height\":1730,\"caption\":\"Talents123\"},\"image\":{\"@id\":\"https:\\\/\\\/talents123.ca\\\/fr\\\/#\\\/schema\\\/logo\\\/image\\\/\"},\"sameAs\":[\"https:\\\/\\\/www.facebook.com\\\/talents123\",\"https:\\\/\\\/www.instagram.com\\\/talents123.ca\\\/\"]}]}<\/script>\n<!-- \/ Yoast SEO plugin. -->","yoast_head_json":{"title":"Rejoignez notre \u00e9quipe : int\u00e9ressantes opportunit\u00e9s d'emploi en garderie chez Talents123","description":"D\u00e9couvrez des opportunit\u00e9s d'emploi enrichissantes en garderie chez Talents123. Rejoignez notre \u00e9quipe et faites une diff\u00e9rence dans la vie des enfants. Postulez maintenant pour une carri\u00e8re \u00e9panouissante dans le domaine de la garderie.","robots":{"index":"index","follow":"follow","max-snippet":"max-snippet:-1","max-image-preview":"max-image-preview:large","max-video-preview":"max-video-preview:-1"},"canonical":"https:\/\/talents123.ca\/fr\/carriere\/","og_locale":"fr_FR","og_type":"article","og_title":"Rejoignez notre \u00e9quipe : int\u00e9ressantes opportunit\u00e9s d'emploi en garderie chez Talents123","og_description":"D\u00e9couvrez des opportunit\u00e9s d'emploi enrichissantes en garderie chez Talents123. Rejoignez notre \u00e9quipe et faites une diff\u00e9rence dans la vie des enfants. Postulez maintenant pour une carri\u00e8re \u00e9panouissante dans le domaine de la garderie.","og_url":"https:\/\/talents123.ca\/fr\/carriere\/","og_site_name":"Talents123","article_publisher":"https:\/\/www.facebook.com\/talents123","article_modified_time":"2023-08-05T18:15:29+00:00","twitter_card":"summary_large_image","twitter_misc":{"Dur\u00e9e de lecture estim\u00e9e":"2 minutes"},"schema":{"@context":"https:\/\/schema.org","@graph":[{"@type":"WebPage","@id":"https:\/\/talents123.ca\/fr\/carriere\/","url":"https:\/\/talents123.ca\/fr\/carriere\/","name":"Rejoignez notre \u00e9quipe : int\u00e9ressantes opportunit\u00e9s d'emploi en garderie chez Talents123","isPartOf":{"@id":"https:\/\/talents123.ca\/fr\/#website"},"datePublished":"2019-07-17T18:53:42+00:00","dateModified":"2023-08-05T18:15:29+00:00","description":"D\u00e9couvrez des opportunit\u00e9s d'emploi enrichissantes en garderie chez Talents123. Rejoignez notre \u00e9quipe et faites une diff\u00e9rence dans la vie des enfants. Postulez maintenant pour une carri\u00e8re \u00e9panouissante dans le domaine de la garderie.","breadcrumb":{"@id":"https:\/\/talents123.ca\/fr\/carriere\/#breadcrumb"},"inLanguage":"fr-FR","potentialAction":[{"@type":"ReadAction","target":["https:\/\/talents123.ca\/fr\/carriere\/"]}]},{"@type":"BreadcrumbList","@id":"https:\/\/talents123.ca\/fr\/carriere\/#breadcrumb","itemListElement":[{"@type":"ListItem","position":1,"name":"Home","item":"https:\/\/talents123.ca\/fr\/"},{"@type":"ListItem","position":2,"name":"Carri\u00e8re"}]},{"@type":"WebSite","@id":"https:\/\/talents123.ca\/fr\/#website","url":"https:\/\/talents123.ca\/fr\/","name":"Talents123","description":"Educational center","publisher":{"@id":"https:\/\/talents123.ca\/fr\/#organization"},"potentialAction":[{"@type":"SearchAction","target":{"@type":"EntryPoint","urlTemplate":"https:\/\/talents123.ca\/fr\/?s={search_term_string}"},"query-input":{"@type":"PropertyValueSpecification","valueRequired":true,"valueName":"search_term_string"}}],"inLanguage":"fr-FR"},{"@type":"Organization","@id":"https:\/\/talents123.ca\/fr\/#organization","name":"Talents123","url":"https:\/\/talents123.ca\/fr\/","logo":{"@type":"ImageObject","inLanguage":"fr-FR","@id":"https:\/\/talents123.ca\/fr\/#\/schema\/logo\/image\/","url":"https:\/\/talents123.ca\/wp-content\/uploads\/2019\/06\/TAL123_Logo_RGB_Full_Verti_Colour_EN.png","contentUrl":"https:\/\/talents123.ca\/wp-content\/uploads\/2019\/06\/TAL123_Logo_RGB_Full_Verti_Colour_EN.png","width":1642,"height":1730,"caption":"Talents123"},"image":{"@id":"https:\/\/talents123.ca\/fr\/#\/schema\/logo\/image\/"},"sameAs":["https:\/\/www.facebook.com\/talents123","https:\/\/www.instagram.com\/talents123.ca\/"]}]}},"_links":{"self":[{"href":"https:\/\/talents123.ca\/fr\/wp-json\/wp\/v2\/pages\/81717","targetHints":{"allow":["GET"]}}],"collection":[{"href":"https:\/\/talents123.ca\/fr\/wp-json\/wp\/v2\/pages"}],"about":[{"href":"https:\/\/talents123.ca\/fr\/wp-json\/wp\/v2\/types\/page"}],"author":[{"embeddable":true,"href":"https:\/\/talents123.ca\/fr\/wp-json\/wp\/v2\/users\/2"}],"replies":[{"embeddable":true,"href":"https:\/\/talents123.ca\/fr\/wp-json\/wp\/v2\/comments?post=81717"}],"version-history":[{"count":6,"href":"https:\/\/talents123.ca\/fr\/wp-json\/wp\/v2\/pages\/81717\/revisions"}],"predecessor-version":[{"id":82449,"href":"https:\/\/talents123.ca\/fr\/wp-json\/wp\/v2\/pages\/81717\/revisions\/82449"}],"wp:attachment":[{"href":"https:\/\/talents123.ca\/fr\/wp-json\/wp\/v2\/media?parent=81717"}],"curies":[{"name":"wp","href":"https:\/\/api.w.org\/{rel}","templated":true}]}}