{"id":81675,"date":"2019-07-17T18:17:26","date_gmt":"2019-07-17T18:17:26","guid":{"rendered":"https:\/\/talents123.ca\/activites-enrichies\/"},"modified":"2023-08-05T14:04:23","modified_gmt":"2023-08-05T18:04:23","slug":"activites-enrichies","status":"publish","type":"page","link":"https:\/\/talents123.ca\/fr\/activites-enrichies\/","title":{"rendered":"Activit\u00e9s enrichies"},"content":{"rendered":"<div class=\"wpb-content-wrapper\"><p>[vc_row row_height_percent=\u00a0\u00bb0&Prime; override_padding=\u00a0\u00bbyes\u00a0\u00bb h_padding=\u00a0\u00bb2&Prime; top_padding=\u00a0\u00bb3&Prime; bottom_padding=\u00a0\u00bb5&Prime; back_color=\u00a0\u00bbcolor-xsdn\u00a0\u00bb overlay_alpha=\u00a0\u00bb50&Prime; gutter_size=\u00a0\u00bb3&Prime; column_width_percent=\u00a0\u00bb100&Prime; shift_y=\u00a0\u00bb0&Prime; z_index=\u00a0\u00bb0&Prime;][vc_column width=\u00a0\u00bb1\/1&Prime;][vc_row_inner][vc_column_inner column_width_percent=\u00a0\u00bb100&Prime; gutter_size=\u00a0\u00bb3&Prime; overlay_alpha=\u00a0\u00bb50&Prime; medium_width=\u00a0\u00bb0&Prime; mobile_width=\u00a0\u00bb0&Prime; shift_x=\u00a0\u00bb0&Prime; shift_y=\u00a0\u00bb0&Prime; shift_y_down=\u00a0\u00bb0&Prime; z_index=\u00a0\u00bb0&Prime; css_animation=\u00a0\u00bbbottom-t-top\u00a0\u00bb animation_delay=\u00a0\u00bb200&Prime; width=\u00a0\u00bb1\/2&Prime;][vc_separator sep_color=\u00a0\u00bbcolor-904447&Prime; el_width=\u00a0\u00bb50px\u00a0\u00bb el_height=\u00a0\u00bb2px\u00a0\u00bb][vc_custom_heading text_weight=\u00a0\u00bb300&Prime; text_color=\u00a0\u00bbcolor-904447&Prime; sub_reduced=\u00a0\u00bbyes\u00a0\u00bb]<span style=\"font-weight: 400;\">Talents123 offre un \u00e9ventail d&rsquo;activit\u00e9s parascolaires faisant partie de notre programme r\u00e9gulier, incluant la musique, le yoga, la danse cr\u00e9ative et les cours d&rsquo;espagnol.<\/span>[\/vc_custom_heading][\/vc_column_inner][vc_column_inner column_width_percent=\u00a0\u00bb100&Prime; gutter_size=\u00a0\u00bb3&Prime; overlay_alpha=\u00a0\u00bb50&Prime; medium_width=\u00a0\u00bb0&Prime; mobile_width=\u00a0\u00bb0&Prime; shift_x=\u00a0\u00bb0&Prime; shift_y=\u00a0\u00bb0&Prime; shift_y_down=\u00a0\u00bb0&Prime; z_index=\u00a0\u00bb0&Prime; css_animation=\u00a0\u00bbbottom-t-top\u00a0\u00bb animation_delay=\u00a0\u00bb400&Prime; width=\u00a0\u00bb1\/2&Prime;][vc_separator medium_visibility=\u00a0\u00bbyes\u00a0\u00bb mobile_visibility=\u00a0\u00bbyes\u00a0\u00bb el_width=\u00a0\u00bb0&Prime; el_height=\u00a0\u00bb0&Prime;][vc_column_text text_lead=\u00a0\u00bbyes\u00a0\u00bb]<span style=\"font-weight: 400;\">\u00c9tablies selon chaque groupe d&rsquo;\u00e2ge, toutes nos activit\u00e9s compl\u00e9mentaires sont con\u00e7ues pour capter l&rsquo;int\u00e9r\u00eat des enfants en les guidant vers la cr\u00e9ation et la libre expression. Ces activit\u00e9s enrichies encouragent l&rsquo;enfant \u00e0 interagir avec les autres, utiliser leurs cinq sens et exercer leurs habilet\u00e9s motrices globales et fines. Ces diff\u00e9rentes exp\u00e9riences ouvrent l&rsquo;horizon des enfants, pour les aider \u00e0 d\u00e9velopper naturellement leur instinct et leurs envies. Toutes les activit\u00e9s sont con\u00e7ues pour stimuler l&rsquo;expression cr\u00e9ative chez les enfants, et sont assur\u00e9es par des sp\u00e9cialistes exp\u00e9riment\u00e9s sous-traitants.<\/span><\/p>\n<p>[\/vc_column_text][\/vc_column_inner][\/vc_row_inner][vc_empty_space empty_h=\u00a0\u00bb3&Prime; medium_visibility=\u00a0\u00bbyes\u00a0\u00bb mobile_visibility=\u00a0\u00bbyes\u00a0\u00bb][\/vc_column][\/vc_row][vc_row unlock_row_content=\u00a0\u00bbyes\u00a0\u00bb row_height_percent=\u00a0\u00bb0&Prime; override_padding=\u00a0\u00bbyes\u00a0\u00bb h_padding=\u00a0\u00bb0&Prime; top_padding=\u00a0\u00bb0&Prime; bottom_padding=\u00a0\u00bb0&Prime; back_color=\u00a0\u00bbcolor-105183&Prime; overlay_alpha=\u00a0\u00bb50&Prime; equal_height=\u00a0\u00bbyes\u00a0\u00bb gutter_size=\u00a0\u00bb4&Prime; column_width_percent=\u00a0\u00bb100&Prime; border_color=\u00a0\u00bbcolor-gyho\u00a0\u00bb border_style=\u00a0\u00bbsolid\u00a0\u00bb desktop_visibility=\u00a0\u00bbyes\u00a0\u00bb shift_y=\u00a0\u00bb0&Prime; z_index=\u00a0\u00bb0&Prime;][vc_column column_width_percent=\u00a0\u00bb100&Prime; position_vertical=\u00a0\u00bbmiddle\u00a0\u00bb overlay_alpha=\u00a0\u00bb50&Prime; gutter_size=\u00a0\u00bb3&Prime; medium_width=\u00a0\u00bb0&Prime; mobile_width=\u00a0\u00bb0&Prime; shift_x=\u00a0\u00bb0&Prime; shift_y=\u00a0\u00bb0&Prime; shift_y_down=\u00a0\u00bb0&Prime; z_index=\u00a0\u00bb0&Prime; width=\u00a0\u00bb1\/1&Prime;][vc_single_image media=\u00a0\u00bb80884&Prime; media_width_percent=\u00a0\u00bb100&Prime; shape=\u00a0\u00bbimg-round\u00a0\u00bb radius=\u00a0\u00bbxs\u00a0\u00bb][\/vc_column][\/vc_row][vc_row unlock_row_content=\u00a0\u00bbyes\u00a0\u00bb row_height_percent=\u00a0\u00bb0&Prime; override_padding=\u00a0\u00bbyes\u00a0\u00bb h_padding=\u00a0\u00bb3&Prime; top_padding=\u00a0\u00bb0&Prime; bottom_padding=\u00a0\u00bb6&Prime; back_color=\u00a0\u00bbcolor-105183&Prime; overlay_alpha=\u00a0\u00bb50&Prime; equal_height=\u00a0\u00bbyes\u00a0\u00bb gutter_size=\u00a0\u00bb4&Prime; column_width_percent=\u00a0\u00bb100&Prime; border_color=\u00a0\u00bbcolor-gyho\u00a0\u00bb border_style=\u00a0\u00bbsolid\u00a0\u00bb shift_y=\u00a0\u00bb0&Prime; z_index=\u00a0\u00bb0&Prime;][vc_column column_width_percent=\u00a0\u00bb100&Prime; align_horizontal=\u00a0\u00bbalign_center\u00a0\u00bb overlay_alpha=\u00a0\u00bb50&Prime; gutter_size=\u00a0\u00bb3&Prime; medium_visibility=\u00a0\u00bbyes\u00a0\u00bb medium_width=\u00a0\u00bb0&Prime; mobile_visibility=\u00a0\u00bbyes\u00a0\u00bb mobile_width=\u00a0\u00bb0&Prime; shift_x=\u00a0\u00bb0&Prime; shift_y=\u00a0\u00bb0&Prime; shift_y_down=\u00a0\u00bb0&Prime; z_index=\u00a0\u00bb0&Prime; width=\u00a0\u00bb1\/2&Prime;][vc_row_inner row_inner_height_percent=\u00a0\u00bb0&Prime; overlay_alpha=\u00a0\u00bb50&Prime; gutter_size=\u00a0\u00bb3&Prime; shift_y=\u00a0\u00bb0&Prime; z_index=\u00a0\u00bb0&Prime;][vc_column_inner column_width_percent=\u00a0\u00bb100&Prime; align_horizontal=\u00a0\u00bbalign_center\u00a0\u00bb gutter_size=\u00a0\u00bb3&Prime; overlay_alpha=\u00a0\u00bb50&Prime; medium_width=\u00a0\u00bb0&Prime; mobile_width=\u00a0\u00bb0&Prime; shift_x=\u00a0\u00bb0&Prime; shift_y=\u00a0\u00bb-5&Prime; shift_y_down=\u00a0\u00bb0&Prime; z_index=\u00a0\u00bb0&Prime; width=\u00a0\u00bb1\/1&Prime;][vc_single_image media=\u00a0\u00bb80884&Prime; media_width_percent=\u00a0\u00bb100&Prime; shape=\u00a0\u00bbimg-round\u00a0\u00bb radius=\u00a0\u00bbxs\u00a0\u00bb][\/vc_column_inner][\/vc_row_inner][\/vc_column][vc_column column_width_percent=\u00a0\u00bb100&Prime; position_horizontal=\u00a0\u00bbleft\u00a0\u00bb position_vertical=\u00a0\u00bbmiddle\u00a0\u00bb overlay_alpha=\u00a0\u00bb50&Prime; gutter_size=\u00a0\u00bb3&Prime; medium_width=\u00a0\u00bb0&Prime; align_mobile=\u00a0\u00bbalign_left_mobile\u00a0\u00bb mobile_width=\u00a0\u00bb0&Prime; shift_x=\u00a0\u00bb0&Prime; shift_y=\u00a0\u00bb0&Prime; shift_y_down=\u00a0\u00bb0&Prime; z_index=\u00a0\u00bb0&Prime; css_animation=\u00a0\u00bbleft-t-right\u00a0\u00bb animation_delay=\u00a0\u00bb200&Prime; width=\u00a0\u00bb1\/2&Prime;][vc_row_inner][vc_column_inner width=\u00a0\u00bb1\/1&Prime;][vc_empty_space empty_h=\u00a0\u00bb3&Prime; desktop_visibility=\u00a0\u00bbyes\u00a0\u00bb][vc_custom_heading heading_semantic=\u00a0\u00bbh3&Prime; text_size=\u00a0\u00bbh3&Prime; text_weight=\u00a0\u00bb400&Prime; text_color=\u00a0\u00bbcolor-137513&Prime; sub_reduced=\u00a0\u00bbyes\u00a0\u00bb]<span style=\"font-weight: 400;\">En plus des activit\u00e9s offertes dans l&rsquo;horaire r\u00e9gulier, nous offrons un \u00e9ventail d&rsquo;activit\u00e9s en fonction de l&rsquo;\u00e2ge de l&rsquo;enfant\u00a0:<\/span>[\/vc_custom_heading][vc_column_text]<\/p>\n<ul>\n<li>La musique, incluant les chansons, les instruments musicaux de base, et le mouvement cr\u00e9atif<\/li>\n<li>La danse, o\u00f9 les enfants explorent diff\u00e9rents styles et apprennent les \u00e9tapes d&rsquo;une chor\u00e9graphie simple<\/li>\n<li>Le yoga, en explorant le mouvement et les postures, o\u00f9 les enfants explorent la concentration, l&rsquo;\u00e9quilibre et les exercices de respiration<\/li>\n<li>L&rsquo;espagnol, o\u00f9 les enfants apprennent de nouveaux mots, chantent des chansons et plus<\/li>\n<\/ul>\n<p>[\/vc_column_text][vc_button button_color=\u00a0\u00bbcolor-137513&Prime; radius=\u00a0\u00bbbtn-circle\u00a0\u00bb custom_typo=\u00a0\u00bbyes\u00a0\u00bb font_family=\u00a0\u00bbfont-131924&Prime; font_weight=\u00a0\u00bb700&Prime; text_transform=\u00a0\u00bbuppercase\u00a0\u00bb letter_spacing=\u00a0\u00bbfontspace-261737&Prime; border_width=\u00a0\u00bb0&Prime; icon_position=\u00a0\u00bbright\u00a0\u00bb link=\u00a0\u00bburl:https%3A%2F%2Ftalents123.ca%2Ffr%2Fla-journee-de-votre-enfant%2F|title:Child%E2%80%99s%20day||\u00a0\u00bb icon=\u00a0\u00bbfa fa-chevron-right3&Prime;]La journ\u00e9e de votre enfant[\/vc_button][vc_empty_space empty_h=\u00a0\u00bb2&Prime; desktop_visibility=\u00a0\u00bbyes\u00a0\u00bb][\/vc_column_inner][\/vc_row_inner][\/vc_column][\/vc_row][vc_row row_height_percent=\u00a0\u00bb0&Prime; back_color=\u00a0\u00bbcolor-105183&Prime; overlay_alpha=\u00a0\u00bb50&Prime; gutter_size=\u00a0\u00bb3&Prime; column_width_percent=\u00a0\u00bb100&Prime; medium_visibility=\u00a0\u00bbyes\u00a0\u00bb mobile_visibility=\u00a0\u00bbyes\u00a0\u00bb shift_y=\u00a0\u00bb0&Prime; z_index=\u00a0\u00bb0&Prime;][vc_column width=\u00a0\u00bb1\/1&Prime;][vc_empty_space empty_h=\u00a0\u00bb0&Prime;][\/vc_column][\/vc_row][vc_row row_height_percent=\u00a0\u00bb0&Prime; override_padding=\u00a0\u00bbyes\u00a0\u00bb h_padding=\u00a0\u00bb1&Prime; top_padding=\u00a0\u00bb1&Prime; bottom_padding=\u00a0\u00bb2&Prime; back_color=\u00a0\u00bbcolor-137513&Prime; overlay_alpha=\u00a0\u00bb50&Prime; gutter_size=\u00a0\u00bb3&Prime; column_width_percent=\u00a0\u00bb100&Prime; shift_y=\u00a0\u00bb0&Prime; z_index=\u00a0\u00bb0&Prime;][vc_column column_width_percent=\u00a0\u00bb100&Prime; style=\u00a0\u00bbdark\u00a0\u00bb overlay_alpha=\u00a0\u00bb50&Prime; gutter_size=\u00a0\u00bb3&Prime; medium_width=\u00a0\u00bb0&Prime; mobile_width=\u00a0\u00bb0&Prime; shift_x=\u00a0\u00bb0&Prime; shift_y=\u00a0\u00bb0&Prime; shift_y_down=\u00a0\u00bb0&Prime; z_index=\u00a0\u00bb0&Prime; width=\u00a0\u00bb1\/1&Prime;][vc_row_inner row_inner_height_percent=\u00a0\u00bb0&Prime; force_width_grid=\u00a0\u00bbyes\u00a0\u00bb overlay_alpha=\u00a0\u00bb50&Prime; equal_height=\u00a0\u00bbyes\u00a0\u00bb gutter_size=\u00a0\u00bb0&Prime; shift_y=\u00a0\u00bb0&Prime; z_index=\u00a0\u00bb0&Prime;][vc_column_inner column_width_percent=\u00a0\u00bb100&Prime; style=\u00a0\u00bbdark\u00a0\u00bb gutter_size=\u00a0\u00bb3&Prime; back_color=\u00a0\u00bbcolor-617146&Prime; overlay_alpha=\u00a0\u00bb50&Prime; medium_width=\u00a0\u00bb0&Prime; mobile_width=\u00a0\u00bb0&Prime; shift_x=\u00a0\u00bb0&Prime; shift_y=\u00a0\u00bb-4&Prime; shift_y_down=\u00a0\u00bb0&Prime; z_index=\u00a0\u00bb0&Prime; css_animation=\u00a0\u00bbbottom-t-top\u00a0\u00bb animation_delay=\u00a0\u00bb200&Prime; width=\u00a0\u00bb1\/3&Prime; link_to=\u00a0\u00bburl:https%3A%2F%2Ftalents123.ca%2Ffr%2Fnotre-approche%2F|title:Our%20approach||\u00a0\u00bb][vc_custom_heading heading_semantic=\u00a0\u00bbh3&Prime; text_size=\u00a0\u00bbh4&Prime; sub_reduced=\u00a0\u00bbyes\u00a0\u00bb]<b>Notre approche<\/b>[\/vc_custom_heading][vc_separator sep_color=\u00a0\u00bbcolor-xsdn\u00a0\u00bb][vc_button size=\u00a0\u00bbbtn-link\u00a0\u00bb custom_typo=\u00a0\u00bbyes\u00a0\u00bb font_family=\u00a0\u00bbfont-131924&Prime; font_weight=\u00a0\u00bb700&Prime; text_transform=\u00a0\u00bbuppercase\u00a0\u00bb letter_spacing=\u00a0\u00bbfontspace-210350&Prime; border_width=\u00a0\u00bb0&Prime; link=\u00a0\u00bburl:https%3A%2F%2Ftalents123.ca%2Ffr%2Fnotre-approche%2F|title:Our%20approach||\u00a0\u00bb]En savoir plus[\/vc_button][vc_empty_space empty_h=\u00a0\u00bb2&Prime; desktop_visibility=\u00a0\u00bbyes\u00a0\u00bb mobile_visibility=\u00a0\u00bbyes\u00a0\u00bb][vc_empty_space empty_h=\u00a0\u00bb0&Prime; desktop_visibility=\u00a0\u00bbyes\u00a0\u00bb][\/vc_column_inner][vc_column_inner column_width_percent=\u00a0\u00bb100&Prime; style=\u00a0\u00bbdark\u00a0\u00bb gutter_size=\u00a0\u00bb3&Prime; back_color=\u00a0\u00bbcolor-969562&Prime; overlay_alpha=\u00a0\u00bb50&Prime; medium_width=\u00a0\u00bb0&Prime; mobile_width=\u00a0\u00bb0&Prime; shift_x=\u00a0\u00bb0&Prime; shift_y=\u00a0\u00bb-4&Prime; shift_y_down=\u00a0\u00bb0&Prime; z_index=\u00a0\u00bb0&Prime; css_animation=\u00a0\u00bbbottom-t-top\u00a0\u00bb animation_delay=\u00a0\u00bb400&Prime; width=\u00a0\u00bb1\/3&Prime; link_to=\u00a0\u00bburl:https%3A%2F%2Ftalents123.ca%2Ffr%2Factivites-enrichies%2F|title:Enriched%20Activities||\u00a0\u00bb][vc_custom_heading heading_semantic=\u00a0\u00bbh3&Prime; text_size=\u00a0\u00bbh4&Prime; sub_reduced=\u00a0\u00bbyes\u00a0\u00bb]<b>Activit\u00e9s enrichies<\/b>[\/vc_custom_heading][vc_separator sep_color=\u00a0\u00bbcolor-xsdn\u00a0\u00bb][vc_button size=\u00a0\u00bbbtn-link\u00a0\u00bb custom_typo=\u00a0\u00bbyes\u00a0\u00bb font_family=\u00a0\u00bbfont-131924&Prime; font_weight=\u00a0\u00bb700&Prime; text_transform=\u00a0\u00bbuppercase\u00a0\u00bb letter_spacing=\u00a0\u00bbfontspace-210350&Prime; border_width=\u00a0\u00bb0&Prime; link=\u00a0\u00bburl:https%3A%2F%2Ftalents123.ca%2Ffr%2Factivites-enrichies%2F|title:Enriched%20Activities||\u00a0\u00bb]En savoir plus[\/vc_button][vc_empty_space empty_h=\u00a0\u00bb2&Prime; desktop_visibility=\u00a0\u00bbyes\u00a0\u00bb mobile_visibility=\u00a0\u00bbyes\u00a0\u00bb][vc_empty_space empty_h=\u00a0\u00bb0&Prime; desktop_visibility=\u00a0\u00bbyes\u00a0\u00bb][\/vc_column_inner][vc_column_inner column_width_percent=\u00a0\u00bb100&Prime; style=\u00a0\u00bbdark\u00a0\u00bb gutter_size=\u00a0\u00bb3&Prime; back_color=\u00a0\u00bbcolor-904447&Prime; overlay_alpha=\u00a0\u00bb50&Prime; medium_width=\u00a0\u00bb0&Prime; mobile_width=\u00a0\u00bb0&Prime; shift_x=\u00a0\u00bb0&Prime; shift_y=\u00a0\u00bb-4&Prime; shift_y_down=\u00a0\u00bb0&Prime; z_index=\u00a0\u00bb0&Prime; css_animation=\u00a0\u00bbbottom-t-top\u00a0\u00bb animation_delay=\u00a0\u00bb600&Prime; width=\u00a0\u00bb1\/3&Prime; link_to=\u00a0\u00bburl:https%3A%2F%2Ftalents123.ca%2Ffr%2Fsorties-et-evenements-speciaux%2F|title:Outings%20and%20special%20events||\u00a0\u00bb][vc_custom_heading heading_semantic=\u00a0\u00bbh3&Prime; text_size=\u00a0\u00bbh4&Prime; sub_reduced=\u00a0\u00bbyes\u00a0\u00bb]<b>Sorties et \u00e9v\u00e9nements sp\u00e9ciaux<\/b>[\/vc_custom_heading][vc_separator sep_color=\u00a0\u00bbcolor-xsdn\u00a0\u00bb][vc_button size=\u00a0\u00bbbtn-link\u00a0\u00bb custom_typo=\u00a0\u00bbyes\u00a0\u00bb font_family=\u00a0\u00bbfont-131924&Prime; font_weight=\u00a0\u00bb700&Prime; text_transform=\u00a0\u00bbuppercase\u00a0\u00bb letter_spacing=\u00a0\u00bbfontspace-210350&Prime; border_width=\u00a0\u00bb0&Prime; link=\u00a0\u00bburl:https%3A%2F%2Ftalents123.ca%2Ffr%2Fsorties-et-evenements-speciaux%2F|title:Outdoor%20or%20gym%20time||\u00a0\u00bb]En savoir plus[\/vc_button][vc_empty_space empty_h=\u00a0\u00bb2&Prime; desktop_visibility=\u00a0\u00bbyes\u00a0\u00bb mobile_visibility=\u00a0\u00bbyes\u00a0\u00bb][vc_empty_space empty_h=\u00a0\u00bb0&Prime; desktop_visibility=\u00a0\u00bbyes\u00a0\u00bb medium_visibility=\u00a0\u00bbyes\u00a0\u00bb][\/vc_column_inner][\/vc_row_inner][\/vc_column][\/vc_row][vc_row][vc_column width=\u00a0\u00bb1\/1&Prime;][uncode_block id=\u00a0\u00bb82126&Prime;][\/vc_column][\/vc_row]<\/p>\n<\/div>","protected":false},"excerpt":{"rendered":"<p>[vc_row row_height_percent=\u00a0\u00bb0&Prime; override_padding=\u00a0\u00bbyes\u00a0\u00bb h_padding=\u00a0\u00bb2&Prime; top_padding=\u00a0\u00bb3&Prime; bottom_padding=\u00a0\u00bb5&Prime; back_color=\u00a0\u00bbcolor-xsdn\u00a0\u00bb overlay_alpha=\u00a0\u00bb50&Prime; gutter_size=\u00a0\u00bb3&Prime; column_width_percent=\u00a0\u00bb100&Prime; shift_y=\u00a0\u00bb0&Prime; z_index=\u00a0\u00bb0&Prime;][vc_column width=\u00a0\u00bb1\/1&Prime;][vc_row_inner][vc_column_inner column_width_percent=\u00a0\u00bb100&Prime; gutter_size=\u00a0\u00bb3&Prime; overlay_alpha=\u00a0\u00bb50&Prime; medium_width=\u00a0\u00bb0&Prime; mobile_width=\u00a0\u00bb0&Prime; shift_x=\u00a0\u00bb0&Prime; shift_y=\u00a0\u00bb0&Prime; [&hellip;]<\/p>\n","protected":false},"author":2,"featured_media":0,"parent":0,"menu_order":0,"comment_status":"closed","ping_status":"closed","template":"","meta":{"footnotes":""},"class_list":["post-81675","page","type-page","status-publish","hentry"],"yoast_head":"<!-- This site is optimized with the Yoast SEO plugin v27.4 - https:\/\/yoast.com\/product\/yoast-seo-wordpress\/ -->\n<title>Activit\u00e9s enrichissantes chez Talents123 : une exp\u00e9rience de garderie Montessori exceptionnelle<\/title>\n<meta name=\"description\" content=\"D\u00e9couvrez nos activit\u00e9s enrichissantes en garderie Montessori chez Talents123. Favoriser la cr\u00e9ativit\u00e9 et la passion pour l&#039;apprentissage. Exp\u00e9rimentez la puissance de l&#039;\u00e9ducation Montessori.\" \/>\n<meta name=\"robots\" content=\"index, follow, max-snippet:-1, max-image-preview:large, max-video-preview:-1\" \/>\n<link rel=\"canonical\" href=\"https:\/\/talents123.ca\/fr\/activites-enrichies\/\" \/>\n<meta property=\"og:locale\" content=\"fr_FR\" \/>\n<meta property=\"og:type\" content=\"article\" \/>\n<meta property=\"og:title\" content=\"Activit\u00e9s enrichissantes chez Talents123 : une exp\u00e9rience de garderie Montessori exceptionnelle\" \/>\n<meta property=\"og:description\" content=\"D\u00e9couvrez nos activit\u00e9s enrichissantes en garderie Montessori chez Talents123. Favoriser la cr\u00e9ativit\u00e9 et la passion pour l&#039;apprentissage. Exp\u00e9rimentez la puissance de l&#039;\u00e9ducation Montessori.\" \/>\n<meta property=\"og:url\" content=\"https:\/\/talents123.ca\/fr\/activites-enrichies\/\" \/>\n<meta property=\"og:site_name\" content=\"Talents123\" \/>\n<meta property=\"article:publisher\" content=\"https:\/\/www.facebook.com\/talents123\" \/>\n<meta property=\"article:modified_time\" content=\"2023-08-05T18:04:23+00:00\" \/>\n<meta name=\"twitter:card\" content=\"summary_large_image\" \/>\n<meta name=\"twitter:label1\" content=\"Dur\u00e9e de lecture estim\u00e9e\" \/>\n\t<meta name=\"twitter:data1\" content=\"3 minutes\" \/>\n<script type=\"application\/ld+json\" class=\"yoast-schema-graph\">{\"@context\":\"https:\\\/\\\/schema.org\",\"@graph\":[{\"@type\":\"WebPage\",\"@id\":\"https:\\\/\\\/talents123.ca\\\/fr\\\/activites-enrichies\\\/\",\"url\":\"https:\\\/\\\/talents123.ca\\\/fr\\\/activites-enrichies\\\/\",\"name\":\"Activit\u00e9s enrichissantes chez Talents123 : une exp\u00e9rience de garderie Montessori exceptionnelle\",\"isPartOf\":{\"@id\":\"https:\\\/\\\/talents123.ca\\\/fr\\\/#website\"},\"datePublished\":\"2019-07-17T18:17:26+00:00\",\"dateModified\":\"2023-08-05T18:04:23+00:00\",\"description\":\"D\u00e9couvrez nos activit\u00e9s enrichissantes en garderie Montessori chez Talents123. Favoriser la cr\u00e9ativit\u00e9 et la passion pour l'apprentissage. Exp\u00e9rimentez la puissance de l'\u00e9ducation Montessori.\",\"breadcrumb\":{\"@id\":\"https:\\\/\\\/talents123.ca\\\/fr\\\/activites-enrichies\\\/#breadcrumb\"},\"inLanguage\":\"fr-FR\",\"potentialAction\":[{\"@type\":\"ReadAction\",\"target\":[\"https:\\\/\\\/talents123.ca\\\/fr\\\/activites-enrichies\\\/\"]}]},{\"@type\":\"BreadcrumbList\",\"@id\":\"https:\\\/\\\/talents123.ca\\\/fr\\\/activites-enrichies\\\/#breadcrumb\",\"itemListElement\":[{\"@type\":\"ListItem\",\"position\":1,\"name\":\"Home\",\"item\":\"https:\\\/\\\/talents123.ca\\\/fr\\\/\"},{\"@type\":\"ListItem\",\"position\":2,\"name\":\"Activit\u00e9s enrichies\"}]},{\"@type\":\"WebSite\",\"@id\":\"https:\\\/\\\/talents123.ca\\\/fr\\\/#website\",\"url\":\"https:\\\/\\\/talents123.ca\\\/fr\\\/\",\"name\":\"Talents123\",\"description\":\"Educational center\",\"publisher\":{\"@id\":\"https:\\\/\\\/talents123.ca\\\/fr\\\/#organization\"},\"potentialAction\":[{\"@type\":\"SearchAction\",\"target\":{\"@type\":\"EntryPoint\",\"urlTemplate\":\"https:\\\/\\\/talents123.ca\\\/fr\\\/?s={search_term_string}\"},\"query-input\":{\"@type\":\"PropertyValueSpecification\",\"valueRequired\":true,\"valueName\":\"search_term_string\"}}],\"inLanguage\":\"fr-FR\"},{\"@type\":\"Organization\",\"@id\":\"https:\\\/\\\/talents123.ca\\\/fr\\\/#organization\",\"name\":\"Talents123\",\"url\":\"https:\\\/\\\/talents123.ca\\\/fr\\\/\",\"logo\":{\"@type\":\"ImageObject\",\"inLanguage\":\"fr-FR\",\"@id\":\"https:\\\/\\\/talents123.ca\\\/fr\\\/#\\\/schema\\\/logo\\\/image\\\/\",\"url\":\"https:\\\/\\\/talents123.ca\\\/wp-content\\\/uploads\\\/2019\\\/06\\\/TAL123_Logo_RGB_Full_Verti_Colour_EN.png\",\"contentUrl\":\"https:\\\/\\\/talents123.ca\\\/wp-content\\\/uploads\\\/2019\\\/06\\\/TAL123_Logo_RGB_Full_Verti_Colour_EN.png\",\"width\":1642,\"height\":1730,\"caption\":\"Talents123\"},\"image\":{\"@id\":\"https:\\\/\\\/talents123.ca\\\/fr\\\/#\\\/schema\\\/logo\\\/image\\\/\"},\"sameAs\":[\"https:\\\/\\\/www.facebook.com\\\/talents123\",\"https:\\\/\\\/www.instagram.com\\\/talents123.ca\\\/\"]}]}<\/script>\n<!-- \/ Yoast SEO plugin. -->","yoast_head_json":{"title":"Activit\u00e9s enrichissantes chez Talents123 : une exp\u00e9rience de garderie Montessori exceptionnelle","description":"D\u00e9couvrez nos activit\u00e9s enrichissantes en garderie Montessori chez Talents123. Favoriser la cr\u00e9ativit\u00e9 et la passion pour l'apprentissage. Exp\u00e9rimentez la puissance de l'\u00e9ducation Montessori.","robots":{"index":"index","follow":"follow","max-snippet":"max-snippet:-1","max-image-preview":"max-image-preview:large","max-video-preview":"max-video-preview:-1"},"canonical":"https:\/\/talents123.ca\/fr\/activites-enrichies\/","og_locale":"fr_FR","og_type":"article","og_title":"Activit\u00e9s enrichissantes chez Talents123 : une exp\u00e9rience de garderie Montessori exceptionnelle","og_description":"D\u00e9couvrez nos activit\u00e9s enrichissantes en garderie Montessori chez Talents123. Favoriser la cr\u00e9ativit\u00e9 et la passion pour l'apprentissage. Exp\u00e9rimentez la puissance de l'\u00e9ducation Montessori.","og_url":"https:\/\/talents123.ca\/fr\/activites-enrichies\/","og_site_name":"Talents123","article_publisher":"https:\/\/www.facebook.com\/talents123","article_modified_time":"2023-08-05T18:04:23+00:00","twitter_card":"summary_large_image","twitter_misc":{"Dur\u00e9e de lecture estim\u00e9e":"3 minutes"},"schema":{"@context":"https:\/\/schema.org","@graph":[{"@type":"WebPage","@id":"https:\/\/talents123.ca\/fr\/activites-enrichies\/","url":"https:\/\/talents123.ca\/fr\/activites-enrichies\/","name":"Activit\u00e9s enrichissantes chez Talents123 : une exp\u00e9rience de garderie Montessori exceptionnelle","isPartOf":{"@id":"https:\/\/talents123.ca\/fr\/#website"},"datePublished":"2019-07-17T18:17:26+00:00","dateModified":"2023-08-05T18:04:23+00:00","description":"D\u00e9couvrez nos activit\u00e9s enrichissantes en garderie Montessori chez Talents123. Favoriser la cr\u00e9ativit\u00e9 et la passion pour l'apprentissage. Exp\u00e9rimentez la puissance de l'\u00e9ducation Montessori.","breadcrumb":{"@id":"https:\/\/talents123.ca\/fr\/activites-enrichies\/#breadcrumb"},"inLanguage":"fr-FR","potentialAction":[{"@type":"ReadAction","target":["https:\/\/talents123.ca\/fr\/activites-enrichies\/"]}]},{"@type":"BreadcrumbList","@id":"https:\/\/talents123.ca\/fr\/activites-enrichies\/#breadcrumb","itemListElement":[{"@type":"ListItem","position":1,"name":"Home","item":"https:\/\/talents123.ca\/fr\/"},{"@type":"ListItem","position":2,"name":"Activit\u00e9s enrichies"}]},{"@type":"WebSite","@id":"https:\/\/talents123.ca\/fr\/#website","url":"https:\/\/talents123.ca\/fr\/","name":"Talents123","description":"Educational center","publisher":{"@id":"https:\/\/talents123.ca\/fr\/#organization"},"potentialAction":[{"@type":"SearchAction","target":{"@type":"EntryPoint","urlTemplate":"https:\/\/talents123.ca\/fr\/?s={search_term_string}"},"query-input":{"@type":"PropertyValueSpecification","valueRequired":true,"valueName":"search_term_string"}}],"inLanguage":"fr-FR"},{"@type":"Organization","@id":"https:\/\/talents123.ca\/fr\/#organization","name":"Talents123","url":"https:\/\/talents123.ca\/fr\/","logo":{"@type":"ImageObject","inLanguage":"fr-FR","@id":"https:\/\/talents123.ca\/fr\/#\/schema\/logo\/image\/","url":"https:\/\/talents123.ca\/wp-content\/uploads\/2019\/06\/TAL123_Logo_RGB_Full_Verti_Colour_EN.png","contentUrl":"https:\/\/talents123.ca\/wp-content\/uploads\/2019\/06\/TAL123_Logo_RGB_Full_Verti_Colour_EN.png","width":1642,"height":1730,"caption":"Talents123"},"image":{"@id":"https:\/\/talents123.ca\/fr\/#\/schema\/logo\/image\/"},"sameAs":["https:\/\/www.facebook.com\/talents123","https:\/\/www.instagram.com\/talents123.ca\/"]}]}},"_links":{"self":[{"href":"https:\/\/talents123.ca\/fr\/wp-json\/wp\/v2\/pages\/81675","targetHints":{"allow":["GET"]}}],"collection":[{"href":"https:\/\/talents123.ca\/fr\/wp-json\/wp\/v2\/pages"}],"about":[{"href":"https:\/\/talents123.ca\/fr\/wp-json\/wp\/v2\/types\/page"}],"author":[{"embeddable":true,"href":"https:\/\/talents123.ca\/fr\/wp-json\/wp\/v2\/users\/2"}],"replies":[{"embeddable":true,"href":"https:\/\/talents123.ca\/fr\/wp-json\/wp\/v2\/comments?post=81675"}],"version-history":[{"count":7,"href":"https:\/\/talents123.ca\/fr\/wp-json\/wp\/v2\/pages\/81675\/revisions"}],"predecessor-version":[{"id":82488,"href":"https:\/\/talents123.ca\/fr\/wp-json\/wp\/v2\/pages\/81675\/revisions\/82488"}],"wp:attachment":[{"href":"https:\/\/talents123.ca\/fr\/wp-json\/wp\/v2\/media?parent=81675"}],"curies":[{"name":"wp","href":"https:\/\/api.w.org\/{rel}","templated":true}]}}